{"id":1658,"date":"2021-01-20T14:51:05","date_gmt":"2021-01-20T14:51:05","guid":{"rendered":"https:\/\/buergerforum-muenchen.de\/?page_id=1658"},"modified":"2021-10-07T12:54:53","modified_gmt":"2021-10-07T12:54:53","slug":"kuenstler-2","status":"publish","type":"page","link":"https:\/\/galeriereuter.com\/en\/kuenstler-2\/","title":{"rendered":"Vita Erika Berckhemer"},"content":{"rendered":"<div data-elementor-type=\"wp-page\" data-elementor-id=\"1658\" class=\"elementor elementor-1658\">\n\t\t\t\t\t\t\t\t\t<section class=\"elementor-section elementor-top-section elementor-element elementor-element-d0c7248 elementor-section-full_width elementor-section-height-default elementor-section-height-default\" data-id=\"d0c7248\" data-element_type=\"section\" data-settings=\"{&quot;motion_fx_motion_fx_scrolling&quot;:&quot;yes&quot;,&quot;motion_fx_opacity_range&quot;:{&quot;unit&quot;:&quot;%&quot;,&quot;size&quot;:&quot;&quot;,&quot;sizes&quot;:{&quot;start&quot;:35,&quot;end&quot;:74}},&quot;sticky&quot;:&quot;top&quot;,&quot;sticky_offset&quot;:77,&quot;animation&quot;:&quot;none&quot;,&quot;motion_fx_opacity_effect&quot;:&quot;yes&quot;,&quot;_ha_eqh_enable&quot;:false,&quot;motion_fx_opacity_direction&quot;:&quot;out-in&quot;,&quot;motion_fx_opacity_level&quot;:{&quot;unit&quot;:&quot;px&quot;,&quot;size&quot;:10,&quot;sizes&quot;:[]},&quot;motion_fx_devices&quot;:[&quot;desktop&quot;,&quot;tablet&quot;,&quot;mobile&quot;],&quot;sticky_on&quot;:[&quot;desktop&quot;,&quot;tablet&quot;,&quot;mobile&quot;],&quot;sticky_effects_offset&quot;:0}\">\n\t\t\t\t\t\t<div class=\"elementor-container elementor-column-gap-default\">\n\t\t\t\t\t<div class=\"elementor-column elementor-col-100 elementor-top-column elementor-element elementor-element-46e07a5\" data-id=\"46e07a5\" data-element_type=\"column\">\n\t\t\t<div class=\"elementor-widget-wrap elementor-element-populated\">\n\t\t\t\t\t\t\t\t<div class=\"elementor-element elementor-element-bdc1e85 elementor-align-left elementor-button-info elementor-mobile-align-right elementor-widget elementor-widget-button\" data-id=\"bdc1e85\" data-element_type=\"widget\" data-widget_type=\"button.default\">\n\t\t\t\t<div class=\"elementor-widget-container\">\n\t\t\t\t\t<div class=\"elementor-button-wrapper\">\n\t\t\t<a class=\"elementor-button elementor-button-link elementor-size-xs\" href=\"https:\/\/galeriereuter.com\/en\/exponate-erika-berckhemer\/\">\n\t\t\t\t\t\t<span class=\"elementor-button-content-wrapper\">\n\t\t\t\t\t\t<span class=\"elementor-button-icon elementor-align-icon-right\">\n\t\t\t\t<i aria-hidden=\"true\" class=\"hm hm-angle-right\"><\/i>\t\t\t<\/span>\n\t\t\t\t\t\t<span class=\"elementor-button-text\">Buy art<\/span>\n\t\t<\/span>\n\t\t\t\t\t<\/a>\n\t\t<\/div>\n\t\t\t\t<\/div>\n\t\t\t\t<\/div>\n\t\t\t\t\t<\/div>\n\t\t<\/div>\n\t\t\t\t\t\t\t<\/div>\n\t\t<\/section>\n\t\t\t\t<section class=\"elementor-section elementor-top-section elementor-element elementor-element-90b8768 elementor-section-boxed elementor-section-height-default elementor-section-height-default\" data-id=\"90b8768\" data-element_type=\"section\" data-settings=\"{&quot;background_background&quot;:&quot;classic&quot;,&quot;_ha_eqh_enable&quot;:false}\">\n\t\t\t\t\t\t<div class=\"elementor-container elementor-column-gap-default\">\n\t\t\t\t\t<div class=\"elementor-column elementor-col-100 elementor-top-column elementor-element elementor-element-952d9b6\" data-id=\"952d9b6\" data-element_type=\"column\">\n\t\t\t<div class=\"elementor-widget-wrap elementor-element-populated\">\n\t\t\t\t\t\t\t\t<div class=\"elementor-element elementor-element-77c11ae elementor-widget elementor-widget-heading\" data-id=\"77c11ae\" data-element_type=\"widget\" data-widget_type=\"heading.default\">\n\t\t\t\t<div class=\"elementor-widget-container\">\n\t\t\t<h2 class=\"elementor-heading-title elementor-size-default\">vita<\/h2>\t\t<\/div>\n\t\t\t\t<\/div>\n\t\t\t\t<section class=\"elementor-section elementor-inner-section elementor-element elementor-element-72626ec elementor-section-boxed elementor-section-height-default elementor-section-height-default\" data-id=\"72626ec\" data-element_type=\"section\" data-settings=\"{&quot;_ha_eqh_enable&quot;:false}\">\n\t\t\t\t\t\t<div class=\"elementor-container elementor-column-gap-default\">\n\t\t\t\t\t<div class=\"elementor-column elementor-col-50 elementor-inner-column elementor-element elementor-element-613f9e1\" data-id=\"613f9e1\" data-element_type=\"column\">\n\t\t\t<div class=\"elementor-widget-wrap elementor-element-populated\">\n\t\t\t\t\t\t\t\t<div class=\"elementor-element elementor-element-9ce32f1 elementor-view-default elementor-widget elementor-widget-icon\" data-id=\"9ce32f1\" data-element_type=\"widget\" data-widget_type=\"icon.default\">\n\t\t\t\t<div class=\"elementor-widget-container\">\n\t\t\t\t\t<div class=\"elementor-icon-wrapper\">\n\t\t\t<a class=\"elementor-icon elementor-animation-shrink\" href=\"https:\/\/galeriereuter.com\/en\/erika-berckhemer\/\" target=\"_blank\">\n\t\t\t<i aria-hidden=\"true\" class=\"far fa-star\"><\/i>\t\t\t<\/a>\n\t\t<\/div>\n\t\t\t\t<\/div>\n\t\t\t\t<\/div>\n\t\t\t\t\t<\/div>\n\t\t<\/div>\n\t\t\t\t<div class=\"elementor-column elementor-col-50 elementor-inner-column elementor-element elementor-element-c090abe\" data-id=\"c090abe\" data-element_type=\"column\">\n\t\t\t<div class=\"elementor-widget-wrap elementor-element-populated\">\n\t\t\t\t\t\t\t\t<div class=\"elementor-element elementor-element-421ef65 elementor-widget elementor-widget-text-editor\" data-id=\"421ef65\" data-element_type=\"widget\" data-widget_type=\"text-editor.default\">\n\t\t\t\t<div class=\"elementor-widget-container\">\n\t\t\t\t\t\t\t<p id=\"u12265-2\">Erika Berckhemer<\/p>\t\t\t\t\t\t<\/div>\n\t\t\t\t<\/div>\n\t\t\t\t\t<\/div>\n\t\t<\/div>\n\t\t\t\t\t\t\t<\/div>\n\t\t<\/section>\n\t\t\t\t\t<\/div>\n\t\t<\/div>\n\t\t\t\t\t\t\t<\/div>\n\t\t<\/section>\n\t\t\t\t<section class=\"elementor-section elementor-top-section elementor-element elementor-element-c8428a8 elementor-section-boxed elementor-section-height-default elementor-section-height-default\" data-id=\"c8428a8\" data-element_type=\"section\" data-settings=\"{&quot;_ha_eqh_enable&quot;:false}\">\n\t\t\t\t\t\t<div class=\"elementor-container elementor-column-gap-default\">\n\t\t\t\t\t<div class=\"elementor-column elementor-col-100 elementor-top-column elementor-element elementor-element-279b01b\" data-id=\"279b01b\" data-element_type=\"column\">\n\t\t\t<div class=\"elementor-widget-wrap elementor-element-populated\">\n\t\t\t\t\t\t\t\t<section class=\"elementor-section elementor-inner-section elementor-element elementor-element-addaf75 elementor-section-content-top elementor-section-boxed elementor-section-height-default elementor-section-height-default\" data-id=\"addaf75\" data-element_type=\"section\" data-settings=\"{&quot;_ha_eqh_enable&quot;:false}\">\n\t\t\t\t\t\t<div class=\"elementor-container elementor-column-gap-no\">\n\t\t\t\t\t<div class=\"elementor-column elementor-col-50 elementor-inner-column elementor-element elementor-element-1d2a932\" data-id=\"1d2a932\" data-element_type=\"column\">\n\t\t\t<div class=\"elementor-widget-wrap elementor-element-populated\">\n\t\t\t\t\t\t\t\t<div class=\"elementor-element elementor-element-0d5efb7 elementor-widget elementor-widget-text-editor\" data-id=\"0d5efb7\" data-element_type=\"widget\" data-widget_type=\"text-editor.default\">\n\t\t\t\t<div class=\"elementor-widget-container\">\n\t\t\t\t\t\t\t<p>Geb. 08.07.1952 in Hamlesch<br \/>lebt in Diedorf<\/p><p>Grafik-Studium in M\u00fcnchen<br \/>seit 1983 freiberuflich als bildende K\u00fcnstlerin t\u00e4tig<br \/>Mitglied im Berufsverband Bildender K\u00fcnstlerin<\/p>\t\t\t\t\t\t<\/div>\n\t\t\t\t<\/div>\n\t\t\t\t\t<\/div>\n\t\t<\/div>\n\t\t\t\t<div class=\"elementor-column elementor-col-50 elementor-inner-column elementor-element elementor-element-c3ae39a\" data-id=\"c3ae39a\" data-element_type=\"column\">\n\t\t\t<div class=\"elementor-widget-wrap elementor-element-populated\">\n\t\t\t\t\t\t\t\t<div class=\"elementor-element elementor-element-4c45190 elementor-widget elementor-widget-heading\" data-id=\"4c45190\" data-element_type=\"widget\" data-widget_type=\"heading.default\">\n\t\t\t\t<div class=\"elementor-widget-container\">\n\t\t\t<h4 class=\"elementor-heading-title elementor-size-default\">Ausstellungen<\/h4>\t\t<\/div>\n\t\t\t\t<\/div>\n\t\t\t\t<div class=\"elementor-element elementor-element-9ae7b02 elementor-widget elementor-widget-text-editor\" data-id=\"9ae7b02\" data-element_type=\"widget\" data-widget_type=\"text-editor.default\">\n\t\t\t\t<div class=\"elementor-widget-container\">\n\t\t\t\t\t\t\t<p>Ausstellungsbeteiligung u.a.<br \/>Gro\u00dfe Schw\u00e4bische Kunstausstellung<br \/>Gro\u00dfe Kunstausstellung, M\u00fcnchen<br \/>Gemeinschaftsausstellungen des BBK in China, Japan, \u00d6sterreich, Slowenien<br \/>Einzelausstellung im Holbeinhaus<br \/>Bildhauersymposium der Uni Augsburg<br \/>Ausstellung \u201eGood Vibrations\u201c im Museum Obersch\u00f6nenfeld<br \/>Ausstellung \u201eEinen Blick riskieren\u201c<br \/>Kunstverein Bobingen<br \/>Ausstellung \u201eReflexionen\u201c<br \/>Architekturmuseum Augsburg<br \/>Ausstellung in der Galerie Kempe-Wolter, Gr\u00e4felfing<br \/>Teilname an der Kunstmeile Gr\u00e4felfing<\/p>\t\t\t\t\t\t<\/div>\n\t\t\t\t<\/div>\n\t\t\t\t\t<\/div>\n\t\t<\/div>\n\t\t\t\t\t\t\t<\/div>\n\t\t<\/section>\n\t\t\t\t\t<\/div>\n\t\t<\/div>\n\t\t\t\t\t\t\t<\/div>\n\t\t<\/section>\n\t\t\t\t\t\t\t<\/div>","protected":false},"excerpt":{"rendered":"<p>Kunst kaufen vita Erika Berckhemer Geb. 08.07.1952 in Hamleschlebt in Diedorf Grafik-Studium in M\u00fcnchenseit 1983 freiberuflich als bildende K\u00fcnstlerin t\u00e4tigMitglied im Berufsverband Bildender K\u00fcnstlerin Ausstellungen Ausstellungsbeteiligung u.a.Gro\u00dfe Schw\u00e4bische KunstausstellungGro\u00dfe Kunstausstellung, M\u00fcnchenGemeinschaftsausstellungen des BBK in China, Japan, \u00d6sterreich, SlowenienEinzelausstellung im HolbeinhausBildhauersymposium der Uni AugsburgAusstellung \u201eGood Vibrations\u201c im Museum Obersch\u00f6nenfeldAusstellung \u201eEinen Blick riskieren\u201cKunstverein BobingenAusstellung \u201eReflexionen\u201cArchitekturmuseum AugsburgAusstellung in [&hellip;]<\/p>","protected":false},"author":1,"featured_media":0,"parent":0,"menu_order":0,"comment_status":"closed","ping_status":"closed","template":"","meta":{"footnotes":""},"_links":{"self":[{"href":"https:\/\/galeriereuter.com\/en\/wp-json\/wp\/v2\/pages\/1658"}],"collection":[{"href":"https:\/\/galeriereuter.com\/en\/wp-json\/wp\/v2\/pages"}],"about":[{"href":"https:\/\/galeriereuter.com\/en\/wp-json\/wp\/v2\/types\/page"}],"author":[{"embeddable":true,"href":"https:\/\/galeriereuter.com\/en\/wp-json\/wp\/v2\/users\/1"}],"replies":[{"embeddable":true,"href":"https:\/\/galeriereuter.com\/en\/wp-json\/wp\/v2\/comments?post=1658"}],"version-history":[{"count":10,"href":"https:\/\/galeriereuter.com\/en\/wp-json\/wp\/v2\/pages\/1658\/revisions"}],"predecessor-version":[{"id":7594,"href":"https:\/\/galeriereuter.com\/en\/wp-json\/wp\/v2\/pages\/1658\/revisions\/7594"}],"wp:attachment":[{"href":"https:\/\/galeriereuter.com\/en\/wp-json\/wp\/v2\/media?parent=1658"}],"curies":[{"name":"wp","href":"https:\/\/api.w.org\/{rel}","templated":true}]}}