{"id":3934,"date":"2021-02-01T11:17:52","date_gmt":"2021-02-01T11:17:52","guid":{"rendered":"https:\/\/buergerforum-muenchen.de\/?page_id=3934"},"modified":"2021-10-07T12:51:49","modified_gmt":"2021-10-07T12:51:49","slug":"vita-petrus","status":"publish","type":"page","link":"https:\/\/galeriereuter.com\/en\/vita-petrus\/","title":{"rendered":"Vita Petrus"},"content":{"rendered":"<div data-elementor-type=\"wp-page\" data-elementor-id=\"3934\" class=\"elementor elementor-3934\">\n\t\t\t\t\t\t\t\t\t<section class=\"elementor-section elementor-top-section elementor-element elementor-element-6f57865 elementor-section-full_width elementor-section-height-default elementor-section-height-default\" data-id=\"6f57865\" data-element_type=\"section\" data-settings=\"{&quot;motion_fx_motion_fx_scrolling&quot;:&quot;yes&quot;,&quot;motion_fx_opacity_range&quot;:{&quot;unit&quot;:&quot;%&quot;,&quot;size&quot;:&quot;&quot;,&quot;sizes&quot;:{&quot;start&quot;:35,&quot;end&quot;:74}},&quot;sticky&quot;:&quot;top&quot;,&quot;sticky_offset&quot;:77,&quot;animation&quot;:&quot;none&quot;,&quot;motion_fx_opacity_effect&quot;:&quot;yes&quot;,&quot;_ha_eqh_enable&quot;:false,&quot;motion_fx_opacity_direction&quot;:&quot;out-in&quot;,&quot;motion_fx_opacity_level&quot;:{&quot;unit&quot;:&quot;px&quot;,&quot;size&quot;:10,&quot;sizes&quot;:[]},&quot;motion_fx_devices&quot;:[&quot;desktop&quot;,&quot;tablet&quot;,&quot;mobile&quot;],&quot;sticky_on&quot;:[&quot;desktop&quot;,&quot;tablet&quot;,&quot;mobile&quot;],&quot;sticky_effects_offset&quot;:0}\">\n\t\t\t\t\t\t<div class=\"elementor-container elementor-column-gap-default\">\n\t\t\t\t\t<div class=\"elementor-column elementor-col-100 elementor-top-column elementor-element elementor-element-11d04e6\" data-id=\"11d04e6\" data-element_type=\"column\">\n\t\t\t<div class=\"elementor-widget-wrap elementor-element-populated\">\n\t\t\t\t\t\t\t\t<div class=\"elementor-element elementor-element-ac454fa elementor-align-left elementor-button-info elementor-mobile-align-right elementor-widget elementor-widget-button\" data-id=\"ac454fa\" data-element_type=\"widget\" data-widget_type=\"button.default\">\n\t\t\t\t<div class=\"elementor-widget-container\">\n\t\t\t\t\t<div class=\"elementor-button-wrapper\">\n\t\t\t<a class=\"elementor-button elementor-button-link elementor-size-xs\" href=\"https:\/\/galeriereuter.com\/en\/petrus-2\/\">\n\t\t\t\t\t\t<span class=\"elementor-button-content-wrapper\">\n\t\t\t\t\t\t<span class=\"elementor-button-icon elementor-align-icon-right\">\n\t\t\t\t<i aria-hidden=\"true\" class=\"hm hm-angle-right\"><\/i>\t\t\t<\/span>\n\t\t\t\t\t\t<span class=\"elementor-button-text\">Buy art<\/span>\n\t\t<\/span>\n\t\t\t\t\t<\/a>\n\t\t<\/div>\n\t\t\t\t<\/div>\n\t\t\t\t<\/div>\n\t\t\t\t\t<\/div>\n\t\t<\/div>\n\t\t\t\t\t\t\t<\/div>\n\t\t<\/section>\n\t\t\t\t<section class=\"elementor-section elementor-top-section elementor-element elementor-element-0c32100 elementor-section-boxed elementor-section-height-default elementor-section-height-default\" data-id=\"0c32100\" data-element_type=\"section\" data-settings=\"{&quot;background_background&quot;:&quot;classic&quot;,&quot;_ha_eqh_enable&quot;:false}\">\n\t\t\t\t\t\t<div class=\"elementor-container elementor-column-gap-default\">\n\t\t\t\t\t<div class=\"elementor-column elementor-col-100 elementor-top-column elementor-element elementor-element-5a77217\" data-id=\"5a77217\" data-element_type=\"column\">\n\t\t\t<div class=\"elementor-widget-wrap elementor-element-populated\">\n\t\t\t\t\t\t\t\t<div class=\"elementor-element elementor-element-4e786ca elementor-widget elementor-widget-heading\" data-id=\"4e786ca\" data-element_type=\"widget\" data-widget_type=\"heading.default\">\n\t\t\t\t<div class=\"elementor-widget-container\">\n\t\t\t<h2 class=\"elementor-heading-title elementor-size-default\">vita<\/h2>\t\t<\/div>\n\t\t\t\t<\/div>\n\t\t\t\t<section class=\"elementor-section elementor-inner-section elementor-element elementor-element-19a354e elementor-section-boxed elementor-section-height-default elementor-section-height-default\" data-id=\"19a354e\" data-element_type=\"section\" data-settings=\"{&quot;_ha_eqh_enable&quot;:false}\">\n\t\t\t\t\t\t<div class=\"elementor-container elementor-column-gap-default\">\n\t\t\t\t\t<div class=\"elementor-column elementor-col-50 elementor-inner-column elementor-element elementor-element-fce5202\" data-id=\"fce5202\" data-element_type=\"column\">\n\t\t\t<div class=\"elementor-widget-wrap elementor-element-populated\">\n\t\t\t\t\t\t\t\t<div class=\"elementor-element elementor-element-7672a6a elementor-view-default elementor-widget elementor-widget-icon\" data-id=\"7672a6a\" data-element_type=\"widget\" data-widget_type=\"icon.default\">\n\t\t\t\t<div class=\"elementor-widget-container\">\n\t\t\t\t\t<div class=\"elementor-icon-wrapper\">\n\t\t\t<a class=\"elementor-icon elementor-animation-shrink\" href=\"https:\/\/galeriereuter.com\/en\/petrus-2\/\" target=\"_blank\">\n\t\t\t<i aria-hidden=\"true\" class=\"far fa-star\"><\/i>\t\t\t<\/a>\n\t\t<\/div>\n\t\t\t\t<\/div>\n\t\t\t\t<\/div>\n\t\t\t\t\t<\/div>\n\t\t<\/div>\n\t\t\t\t<div class=\"elementor-column elementor-col-50 elementor-inner-column elementor-element elementor-element-89c11ed\" data-id=\"89c11ed\" data-element_type=\"column\">\n\t\t\t<div class=\"elementor-widget-wrap elementor-element-populated\">\n\t\t\t\t\t\t\t\t<div class=\"elementor-element elementor-element-b26628d elementor-widget elementor-widget-text-editor\" data-id=\"b26628d\" data-element_type=\"widget\" data-widget_type=\"text-editor.default\">\n\t\t\t\t<div class=\"elementor-widget-container\">\n\t\t\t\t\t\t\t<p id=\"u12265-2\">Petrus<\/p>\t\t\t\t\t\t<\/div>\n\t\t\t\t<\/div>\n\t\t\t\t\t<\/div>\n\t\t<\/div>\n\t\t\t\t\t\t\t<\/div>\n\t\t<\/section>\n\t\t\t\t\t<\/div>\n\t\t<\/div>\n\t\t\t\t\t\t\t<\/div>\n\t\t<\/section>\n\t\t\t\t<section class=\"elementor-section elementor-top-section elementor-element elementor-element-be293a7 elementor-section-content-middle elementor-section-boxed elementor-section-height-default elementor-section-height-default\" data-id=\"be293a7\" data-element_type=\"section\" data-settings=\"{&quot;_ha_eqh_enable&quot;:false}\">\n\t\t\t\t\t\t<div class=\"elementor-container elementor-column-gap-no\">\n\t\t\t\t\t<div class=\"elementor-column elementor-col-100 elementor-top-column elementor-element elementor-element-e231a84\" data-id=\"e231a84\" data-element_type=\"column\">\n\t\t\t<div class=\"elementor-widget-wrap elementor-element-populated\">\n\t\t\t\t\t\t\t\t<section class=\"elementor-section elementor-inner-section elementor-element elementor-element-e49e152 elementor-section-content-top elementor-section-boxed elementor-section-height-default elementor-section-height-default\" data-id=\"e49e152\" data-element_type=\"section\" data-settings=\"{&quot;_ha_eqh_enable&quot;:false}\">\n\t\t\t\t\t\t<div class=\"elementor-container elementor-column-gap-no\">\n\t\t\t\t\t<div class=\"elementor-column elementor-col-50 elementor-inner-column elementor-element elementor-element-21afba7\" data-id=\"21afba7\" data-element_type=\"column\">\n\t\t\t<div class=\"elementor-widget-wrap elementor-element-populated\">\n\t\t\t\t\t\t\t\t<div class=\"elementor-element elementor-element-6c32e54 elementor-widget elementor-widget-text-editor\" data-id=\"6c32e54\" data-element_type=\"widget\" data-widget_type=\"text-editor.default\">\n\t\t\t\t<div class=\"elementor-widget-container\">\n\t\t\t\t\t\t\t<p style=\"font-weight: 300;\">Jahrgang 1951<\/p><p>Studium:\u00a0Magister der Soziologie<br \/>Erste Einzelausstellung 1969 in Freiburg<br \/>Studienaufenthalte in europ\u00e4ischen L\u00e4ndern, S\u00fcdamerika und Asien<br \/>Mitglied: K\u00fcnstlervereinigung &#8222;Die Ecke&#8220;<br \/>Freischaffend seit 1988<\/p><p>Literatur:<br \/>Petrus: Skulpturen ISBN: 3-902216-13-1<br \/>Allgemeines Lexikon der Kunstschaffenden Reg. Nr. 82387<\/p><p>\u00a0<\/p>\t\t\t\t\t\t<\/div>\n\t\t\t\t<\/div>\n\t\t\t\t<div class=\"elementor-element elementor-element-506ed0c elementor-widget elementor-widget-text-editor\" data-id=\"506ed0c\" data-element_type=\"widget\" data-widget_type=\"text-editor.default\">\n\t\t\t\t<div class=\"elementor-widget-container\">\n\t\t\t\t\t\t\t<p style=\"font-weight: 300;\">Jahrgang 1951<\/p><p>Studium:\u00a0Magister der Soziologie<br \/>Erste Einzelausstellung 1969 in Freiburg<br \/>Studienaufenthalte in europ\u00e4ischen L\u00e4ndern, S\u00fcdamerika und Asien<br \/>Mitglied: K\u00fcnstlervereinigung &#8222;Die Ecke&#8220;<br \/>Freischaffend seit 1988<\/p><p>Literatur:<br \/>Petrus: Skulpturen ISBN: 3-902216-13-1<br \/>Allgemeines Lexikon der Kunstschaffenden Reg. Nr. 82387<\/p><p>\u00a0<\/p>\t\t\t\t\t\t<\/div>\n\t\t\t\t<\/div>\n\t\t\t\t\t<\/div>\n\t\t<\/div>\n\t\t\t\t<div class=\"elementor-column elementor-col-50 elementor-inner-column elementor-element elementor-element-cd6a57b\" data-id=\"cd6a57b\" data-element_type=\"column\">\n\t\t\t<div class=\"elementor-widget-wrap elementor-element-populated\">\n\t\t\t\t\t\t\t\t<div class=\"elementor-element elementor-element-368ca8c elementor-widget elementor-widget-heading\" data-id=\"368ca8c\" data-element_type=\"widget\" data-widget_type=\"heading.default\">\n\t\t\t\t<div class=\"elementor-widget-container\">\n\t\t\t<h4 class=\"elementor-heading-title elementor-size-default\">Kunstpreise:<span style=\"font-style: inherit;\"><\/span><br><\/h4>\t\t<\/div>\n\t\t\t\t<\/div>\n\t\t\t\t<div class=\"elementor-element elementor-element-396a4bb elementor-widget elementor-widget-text-editor\" data-id=\"396a4bb\" data-element_type=\"widget\" data-widget_type=\"text-editor.default\">\n\t\t\t\t<div class=\"elementor-widget-container\">\n\t\t\t\t\t\t\t<p>Kunstpreis der Stadt G\u00fcnzburg 2006<br \/>Kunstverein\u00a0 Die Ecke : Arno -Buchegger-Preis 2008<\/p>\t\t\t\t\t\t<\/div>\n\t\t\t\t<\/div>\n\t\t\t\t<div class=\"elementor-element elementor-element-f9bdb0a elementor-widget elementor-widget-text-editor\" data-id=\"f9bdb0a\" data-element_type=\"widget\" data-widget_type=\"text-editor.default\">\n\t\t\t\t<div class=\"elementor-widget-container\">\n\t\t\t\t\t\t\t<p>F\u00f6rderung\u00a0meines Kunstprojektes:\u00a0\u201e51 Ausstellungen in Berlin\u201c 2009<br \/>durch den Kunstverein\u00a0\u201eDie Ecke\u201c und Arno Buchecker-Stiftung meines<br \/>Werkes:\u00a0Metamorphose durch die Arno Buchecker-Stiftung<\/p>\t\t\t\t\t\t<\/div>\n\t\t\t\t<\/div>\n\t\t\t\t<div class=\"elementor-element elementor-element-f4f495c elementor-widget elementor-widget-text-editor\" data-id=\"f4f495c\" data-element_type=\"widget\" data-widget_type=\"text-editor.default\">\n\t\t\t\t<div class=\"elementor-widget-container\">\n\t\t\t\t\t\t\t<p>Ver\u00f6ffentlichung meines Buchkunstprojekts: Mein Kampf.<br \/>Dies ist die erste k\u00fcnstlerische Auseinandersetzung mit A.H.<br \/>Buch \u201eMein Kampf\u201c als Ganzes.<\/p>\t\t\t\t\t\t<\/div>\n\t\t\t\t<\/div>\n\t\t\t\t\t<\/div>\n\t\t<\/div>\n\t\t\t\t\t\t\t<\/div>\n\t\t<\/section>\n\t\t\t\t<section class=\"elementor-section elementor-inner-section elementor-element elementor-element-271d42e elementor-section-content-top elementor-section-boxed elementor-section-height-default elementor-section-height-default\" data-id=\"271d42e\" data-element_type=\"section\" data-settings=\"{&quot;_ha_eqh_enable&quot;:false}\">\n\t\t\t\t\t\t<div class=\"elementor-container elementor-column-gap-no\">\n\t\t\t\t\t<div class=\"elementor-column elementor-col-50 elementor-inner-column elementor-element elementor-element-d4f502e\" data-id=\"d4f502e\" data-element_type=\"column\">\n\t\t\t<div class=\"elementor-widget-wrap elementor-element-populated\">\n\t\t\t\t\t\t\t\t<div class=\"elementor-element elementor-element-848357b elementor-widget elementor-widget-heading\" data-id=\"848357b\" data-element_type=\"widget\" data-widget_type=\"heading.default\">\n\t\t\t\t<div class=\"elementor-widget-container\">\n\t\t\t<h4 class=\"elementor-heading-title elementor-size-default\">Einzelausstellungen:<span style=\"font-style: inherit;\"><\/span><br><\/h4>\t\t<\/div>\n\t\t\t\t<\/div>\n\t\t\t\t<div class=\"elementor-element elementor-element-01481c2 elementor-widget elementor-widget-text-editor\" data-id=\"01481c2\" data-element_type=\"widget\" data-widget_type=\"text-editor.default\">\n\t\t\t\t<div class=\"elementor-widget-container\">\n\t\t\t\t\t\t\t<p style=\"font-weight: 300;\">Freiburg \u00a01969<br \/>Berlin 1984\/1988\/2009\u00a0\u00a0\u00a0\u00a0\u00a0\u00a0\u00a0\u00a0\u00a0\u00a0\u00a0\u00a0\u00a0\u00a0\u00a0\u00a0\u00a0\u00a0\u00a0 \u00a0\u00a0\u00a0\u00a0\u00a0\u00a0\u00a0\u00a0\u00a0\u00a0\u00a0\u00a0<br \/>M\u00fcnchen 2007\/2008\/2010\/2014\/2016<br \/>Lucca 1996<br \/>Wien 2003\/2005<br \/>D\u00fcsseldorf 2006<br \/>Friedberg 2001<br \/>Augsburg 1998\/2007\/2010\/2014\/2016\/2017\u00a0\u00a0\u00a0\u00a0\u00a0\u00a0\u00a0\u00a0\u00a0\u00a0\u00a0\u00a0\u00a0\u00a0\u00a0\u00a0\u00a0\u00a0\u00a0\u00a0\u00a0\u00a0<br \/>Bad Aussee 2005<br \/>Friedberg 2011<br \/>Kleinkitzighofen 2011<br \/>art Karlsruhe 2014<br \/>art fair K\u00f6ln 2015<br \/>art Salzburg 2017<\/p><p style=\"font-weight: 300;\">\u00a0<\/p>\t\t\t\t\t\t<\/div>\n\t\t\t\t<\/div>\n\t\t\t\t\t<\/div>\n\t\t<\/div>\n\t\t\t\t<div class=\"elementor-column elementor-col-50 elementor-inner-column elementor-element elementor-element-77462ab\" data-id=\"77462ab\" data-element_type=\"column\">\n\t\t\t<div class=\"elementor-widget-wrap elementor-element-populated\">\n\t\t\t\t\t\t\t\t<div class=\"elementor-element elementor-element-ed03834 elementor-widget elementor-widget-heading\" data-id=\"ed03834\" data-element_type=\"widget\" data-widget_type=\"heading.default\">\n\t\t\t\t<div class=\"elementor-widget-container\">\n\t\t\t<h4 class=\"elementor-heading-title elementor-size-default\">Kunstank\u00e4ufe:<span style=\"font-style: inherit;\"><\/span><br><\/h4>\t\t<\/div>\n\t\t\t\t<\/div>\n\t\t\t\t<div class=\"elementor-element elementor-element-9a3ff28 elementor-widget elementor-widget-text-editor\" data-id=\"9a3ff28\" data-element_type=\"widget\" data-widget_type=\"text-editor.default\">\n\t\t\t\t<div class=\"elementor-widget-container\">\n\t\t\t\t\t\t\t<p>Leopoldmuseum\u00a0 Wien<br \/>Stadt Augsburg<br \/>Stadt G\u00fcnzburg<br \/>Stadt Friedberg<\/p>\t\t\t\t\t\t<\/div>\n\t\t\t\t<\/div>\n\t\t\t\t<div class=\"elementor-element elementor-element-2a20cfc elementor-widget elementor-widget-heading\" data-id=\"2a20cfc\" data-element_type=\"widget\" data-widget_type=\"heading.default\">\n\t\t\t\t<div class=\"elementor-widget-container\">\n\t\t\t<h4 class=\"elementor-heading-title elementor-size-default\">Referenzliste k\u00fcnstlerischer\u00a0Auftragsarbeiten:<span style=\"font-style: inherit;\"><\/span><br><\/h4>\t\t<\/div>\n\t\t\t\t<\/div>\n\t\t\t\t<div class=\"elementor-element elementor-element-a9821a2 elementor-widget elementor-widget-text-editor\" data-id=\"a9821a2\" data-element_type=\"widget\" data-widget_type=\"text-editor.default\">\n\t\t\t\t<div class=\"elementor-widget-container\">\n\t\t\t\t\t\t\t<p>Batz u. Burgel: T. Rehberger: Deckeninstallation f\u00fcr das St\u00e4del-Museum Frankfurt<br \/>Rehberger: Zwei Objekte nach Vorgabe des K\u00fcnstlers<\/p>\t\t\t\t\t\t<\/div>\n\t\t\t\t<\/div>\n\t\t\t\t\t<\/div>\n\t\t<\/div>\n\t\t\t\t\t\t\t<\/div>\n\t\t<\/section>\n\t\t\t\t<section class=\"elementor-section elementor-inner-section elementor-element elementor-element-68bb428 elementor-section-content-top elementor-section-boxed elementor-section-height-default elementor-section-height-default\" data-id=\"68bb428\" data-element_type=\"section\" data-settings=\"{&quot;_ha_eqh_enable&quot;:false}\">\n\t\t\t\t\t\t<div class=\"elementor-container elementor-column-gap-no\">\n\t\t\t\t\t<div class=\"elementor-column elementor-col-50 elementor-inner-column elementor-element elementor-element-1a300d6\" data-id=\"1a300d6\" data-element_type=\"column\">\n\t\t\t<div class=\"elementor-widget-wrap elementor-element-populated\">\n\t\t\t\t\t\t\t\t<div class=\"elementor-element elementor-element-eeb220b elementor-widget elementor-widget-heading\" data-id=\"eeb220b\" data-element_type=\"widget\" data-widget_type=\"heading.default\">\n\t\t\t\t<div class=\"elementor-widget-container\">\n\t\t\t<h4 class=\"elementor-heading-title elementor-size-default\">Beteiligungen an\u00a0Skulpturenpfaden:<span style=\"font-style: inherit;\"><\/span><br><\/h4>\t\t<\/div>\n\t\t\t\t<\/div>\n\t\t\t\t<div class=\"elementor-element elementor-element-71e426d elementor-widget elementor-widget-text-editor\" data-id=\"71e426d\" data-element_type=\"widget\" data-widget_type=\"text-editor.default\">\n\t\t\t\t<div class=\"elementor-widget-container\">\n\t\t\t\t\t\t\t<p>Kunstachse Aisch 1999<br \/>Gempfing 2006<br \/>Bad Aussee 2005<br \/>Friedberg 1999\/2009 \/2012\/2015\/2017<br \/>Kunstr\u00e4ume Bayern 2008\/2016<\/p>\t\t\t\t\t\t<\/div>\n\t\t\t\t<\/div>\n\t\t\t\t<div class=\"elementor-element elementor-element-06ac7e6 elementor-widget elementor-widget-heading\" data-id=\"06ac7e6\" data-element_type=\"widget\" data-widget_type=\"heading.default\">\n\t\t\t\t<div class=\"elementor-widget-container\">\n\t\t\t<h4 class=\"elementor-heading-title elementor-size-default\">Kunst am Bau:<span style=\"font-style: inherit;\"><\/span><br><\/h4>\t\t<\/div>\n\t\t\t\t<\/div>\n\t\t\t\t<div class=\"elementor-element elementor-element-af23dc1 elementor-widget elementor-widget-text-editor\" data-id=\"af23dc1\" data-element_type=\"widget\" data-widget_type=\"text-editor.default\">\n\t\t\t\t<div class=\"elementor-widget-container\">\n\t\t\t\t\t\t\t<p>Grundschule Friedberg<br \/>Grundschule Augsburg<\/p>\t\t\t\t\t\t<\/div>\n\t\t\t\t<\/div>\n\t\t\t\t\t<\/div>\n\t\t<\/div>\n\t\t\t\t<div class=\"elementor-column elementor-col-50 elementor-inner-column elementor-element elementor-element-a9e8060\" data-id=\"a9e8060\" data-element_type=\"column\">\n\t\t\t<div class=\"elementor-widget-wrap elementor-element-populated\">\n\t\t\t\t\t\t\t\t<div class=\"elementor-element elementor-element-fea679a elementor-widget elementor-widget-heading\" data-id=\"fea679a\" data-element_type=\"widget\" data-widget_type=\"heading.default\">\n\t\t\t\t<div class=\"elementor-widget-container\">\n\t\t\t<h4 class=\"elementor-heading-title elementor-size-default\">Referenzliste freier Kunstarbeiten:\u00a0<\/h4>\t\t<\/div>\n\t\t\t\t<\/div>\n\t\t\t\t<div class=\"elementor-element elementor-element-49ecc97 elementor-widget elementor-widget-text-editor\" data-id=\"49ecc97\" data-element_type=\"widget\" data-widget_type=\"text-editor.default\">\n\t\t\t\t<div class=\"elementor-widget-container\">\n\t\t\t\t\t\t\t<p>Grundschule Friedberg: Brunnen Polyesterbecken\u00a0 mit Figurengruppe (Alu)<br \/>Stadt Friedberg: Tempor\u00e4re\u00a0Installation\u00a0 dreier Objekte:\u00a0cafe wahnsinn<br \/>Bad Aussee: Tempor\u00e4re Installation f\u00fcr die Landesschau \u00d6sterreich<br \/>Dr. Cervino: Wandrelief:\u00a0 drei lachende gr\u00fcne Pferde ( alu, Kunststoff Farbe)<br \/>Sch\u00f6nbrodt: \u00a0Lampe: ca. 300 Teile Silberbesteck<br \/>Jessina: \u00a0Tiere (Stahlblech)<br \/>Weiss: Drehfigur Schiff\u00a0 (Alu)<br \/>Wiedenann: Erinnerung an meinen Baum ( Holz)<br \/>Bayerle: Paar (2 stehende Baumst\u00e4mme ca. 4 Meter hoch)<br \/>Goldstein: Schlafwandler\u00a0 (Alu, Farbe), Pferd lebensgro\u00df\u00a0<\/p>\t\t\t\t\t\t<\/div>\n\t\t\t\t<\/div>\n\t\t\t\t\t<\/div>\n\t\t<\/div>\n\t\t\t\t\t\t\t<\/div>\n\t\t<\/section>\n\t\t\t\t\t<\/div>\n\t\t<\/div>\n\t\t\t\t\t\t\t<\/div>\n\t\t<\/section>\n\t\t\t\t\t\t\t<\/div>","protected":false},"excerpt":{"rendered":"<p>Kunst kaufen vita Petrus Jahrgang 1951 Studium:\u00a0Magister der SoziologieErste Einzelausstellung 1969 in FreiburgStudienaufenthalte in europ\u00e4ischen L\u00e4ndern, S\u00fcdamerika und AsienMitglied: K\u00fcnstlervereinigung &#8222;Die Ecke&#8220;Freischaffend seit 1988 Literatur:Petrus: Skulpturen ISBN: 3-902216-13-1Allgemeines Lexikon der Kunstschaffenden Reg. Nr. 82387 \u00a0 Jahrgang 1951 Studium:\u00a0Magister der SoziologieErste Einzelausstellung 1969 in FreiburgStudienaufenthalte in europ\u00e4ischen L\u00e4ndern, S\u00fcdamerika und AsienMitglied: K\u00fcnstlervereinigung &#8222;Die Ecke&#8220;Freischaffend seit 1988 [&hellip;]<\/p>","protected":false},"author":1,"featured_media":0,"parent":0,"menu_order":0,"comment_status":"closed","ping_status":"closed","template":"","meta":{"footnotes":""},"_links":{"self":[{"href":"https:\/\/galeriereuter.com\/en\/wp-json\/wp\/v2\/pages\/3934"}],"collection":[{"href":"https:\/\/galeriereuter.com\/en\/wp-json\/wp\/v2\/pages"}],"about":[{"href":"https:\/\/galeriereuter.com\/en\/wp-json\/wp\/v2\/types\/page"}],"author":[{"embeddable":true,"href":"https:\/\/galeriereuter.com\/en\/wp-json\/wp\/v2\/users\/1"}],"replies":[{"embeddable":true,"href":"https:\/\/galeriereuter.com\/en\/wp-json\/wp\/v2\/comments?post=3934"}],"version-history":[{"count":9,"href":"https:\/\/galeriereuter.com\/en\/wp-json\/wp\/v2\/pages\/3934\/revisions"}],"predecessor-version":[{"id":7590,"href":"https:\/\/galeriereuter.com\/en\/wp-json\/wp\/v2\/pages\/3934\/revisions\/7590"}],"wp:attachment":[{"href":"https:\/\/galeriereuter.com\/en\/wp-json\/wp\/v2\/media?parent=3934"}],"curies":[{"name":"wp","href":"https:\/\/api.w.org\/{rel}","templated":true}]}}