{"id":3967,"date":"2021-02-01T11:40:44","date_gmt":"2021-02-01T11:40:44","guid":{"rendered":"https:\/\/buergerforum-muenchen.de\/?page_id=3967"},"modified":"2021-10-07T12:51:08","modified_gmt":"2021-10-07T12:51:08","slug":"vita-peter-schlichtherle","status":"publish","type":"page","link":"https:\/\/galeriereuter.com\/en\/vita-peter-schlichtherle\/","title":{"rendered":"Vita Peter Schlichtherle"},"content":{"rendered":"<div data-elementor-type=\"wp-page\" data-elementor-id=\"3967\" class=\"elementor elementor-3967\">\n\t\t\t\t\t\t\t\t\t<section class=\"elementor-section elementor-top-section elementor-element elementor-element-8c53c2f elementor-section-full_width elementor-section-height-default elementor-section-height-default\" data-id=\"8c53c2f\" data-element_type=\"section\" data-settings=\"{&quot;motion_fx_motion_fx_scrolling&quot;:&quot;yes&quot;,&quot;motion_fx_opacity_range&quot;:{&quot;unit&quot;:&quot;%&quot;,&quot;size&quot;:&quot;&quot;,&quot;sizes&quot;:{&quot;start&quot;:35,&quot;end&quot;:74}},&quot;sticky&quot;:&quot;top&quot;,&quot;sticky_offset&quot;:77,&quot;animation&quot;:&quot;none&quot;,&quot;motion_fx_opacity_effect&quot;:&quot;yes&quot;,&quot;_ha_eqh_enable&quot;:false,&quot;motion_fx_opacity_direction&quot;:&quot;out-in&quot;,&quot;motion_fx_opacity_level&quot;:{&quot;unit&quot;:&quot;px&quot;,&quot;size&quot;:10,&quot;sizes&quot;:[]},&quot;motion_fx_devices&quot;:[&quot;desktop&quot;,&quot;tablet&quot;,&quot;mobile&quot;],&quot;sticky_on&quot;:[&quot;desktop&quot;,&quot;tablet&quot;,&quot;mobile&quot;],&quot;sticky_effects_offset&quot;:0}\">\n\t\t\t\t\t\t<div class=\"elementor-container elementor-column-gap-default\">\n\t\t\t\t\t<div class=\"elementor-column elementor-col-100 elementor-top-column elementor-element elementor-element-b2bb0e9\" data-id=\"b2bb0e9\" data-element_type=\"column\">\n\t\t\t<div class=\"elementor-widget-wrap elementor-element-populated\">\n\t\t\t\t\t\t\t\t<div class=\"elementor-element elementor-element-1273f85 elementor-align-left elementor-button-info elementor-mobile-align-right elementor-widget elementor-widget-button\" data-id=\"1273f85\" data-element_type=\"widget\" data-widget_type=\"button.default\">\n\t\t\t\t<div class=\"elementor-widget-container\">\n\t\t\t\t\t<div class=\"elementor-button-wrapper\">\n\t\t\t<a class=\"elementor-button elementor-button-link elementor-size-xs\" href=\"https:\/\/galeriereuter.com\/en\/peter-schlichtherle-2\/\">\n\t\t\t\t\t\t<span class=\"elementor-button-content-wrapper\">\n\t\t\t\t\t\t<span class=\"elementor-button-icon elementor-align-icon-right\">\n\t\t\t\t<i aria-hidden=\"true\" class=\"hm hm-angle-right\"><\/i>\t\t\t<\/span>\n\t\t\t\t\t\t<span class=\"elementor-button-text\">Buy art<\/span>\n\t\t<\/span>\n\t\t\t\t\t<\/a>\n\t\t<\/div>\n\t\t\t\t<\/div>\n\t\t\t\t<\/div>\n\t\t\t\t\t<\/div>\n\t\t<\/div>\n\t\t\t\t\t\t\t<\/div>\n\t\t<\/section>\n\t\t\t\t<section class=\"elementor-section elementor-top-section elementor-element elementor-element-537754f elementor-section-boxed elementor-section-height-default elementor-section-height-default\" data-id=\"537754f\" data-element_type=\"section\" data-settings=\"{&quot;background_background&quot;:&quot;classic&quot;,&quot;_ha_eqh_enable&quot;:false}\">\n\t\t\t\t\t\t<div class=\"elementor-container elementor-column-gap-default\">\n\t\t\t\t\t<div class=\"elementor-column elementor-col-100 elementor-top-column elementor-element elementor-element-4e73985\" data-id=\"4e73985\" data-element_type=\"column\">\n\t\t\t<div class=\"elementor-widget-wrap elementor-element-populated\">\n\t\t\t\t\t\t\t\t<div class=\"elementor-element elementor-element-743f3f2 elementor-widget elementor-widget-heading\" data-id=\"743f3f2\" data-element_type=\"widget\" data-widget_type=\"heading.default\">\n\t\t\t\t<div class=\"elementor-widget-container\">\n\t\t\t<h2 class=\"elementor-heading-title elementor-size-default\">vita<\/h2>\t\t<\/div>\n\t\t\t\t<\/div>\n\t\t\t\t<section class=\"elementor-section elementor-inner-section elementor-element elementor-element-5842903 elementor-section-boxed elementor-section-height-default elementor-section-height-default\" data-id=\"5842903\" data-element_type=\"section\" data-settings=\"{&quot;_ha_eqh_enable&quot;:false}\">\n\t\t\t\t\t\t<div class=\"elementor-container elementor-column-gap-default\">\n\t\t\t\t\t<div class=\"elementor-column elementor-col-50 elementor-inner-column elementor-element elementor-element-c3d23c8\" data-id=\"c3d23c8\" data-element_type=\"column\">\n\t\t\t<div class=\"elementor-widget-wrap elementor-element-populated\">\n\t\t\t\t\t\t\t\t<div class=\"elementor-element elementor-element-0f679b3 elementor-view-default elementor-widget elementor-widget-icon\" data-id=\"0f679b3\" data-element_type=\"widget\" data-widget_type=\"icon.default\">\n\t\t\t\t<div class=\"elementor-widget-container\">\n\t\t\t\t\t<div class=\"elementor-icon-wrapper\">\n\t\t\t<a class=\"elementor-icon elementor-animation-shrink\" href=\"https:\/\/galeriereuter.com\/en\/peter-schlichtherle-2\/\" target=\"_blank\">\n\t\t\t<i aria-hidden=\"true\" class=\"far fa-star\"><\/i>\t\t\t<\/a>\n\t\t<\/div>\n\t\t\t\t<\/div>\n\t\t\t\t<\/div>\n\t\t\t\t\t<\/div>\n\t\t<\/div>\n\t\t\t\t<div class=\"elementor-column elementor-col-50 elementor-inner-column elementor-element elementor-element-317f0f1\" data-id=\"317f0f1\" data-element_type=\"column\">\n\t\t\t<div class=\"elementor-widget-wrap elementor-element-populated\">\n\t\t\t\t\t\t\t\t<div class=\"elementor-element elementor-element-9cb3444 elementor-widget elementor-widget-text-editor\" data-id=\"9cb3444\" data-element_type=\"widget\" data-widget_type=\"text-editor.default\">\n\t\t\t\t<div class=\"elementor-widget-container\">\n\t\t\t\t\t\t\t<p id=\"u12265-2\">Peter Schlichtherle<\/p>\t\t\t\t\t\t<\/div>\n\t\t\t\t<\/div>\n\t\t\t\t\t<\/div>\n\t\t<\/div>\n\t\t\t\t\t\t\t<\/div>\n\t\t<\/section>\n\t\t\t\t\t<\/div>\n\t\t<\/div>\n\t\t\t\t\t\t\t<\/div>\n\t\t<\/section>\n\t\t\t\t<section class=\"elementor-section elementor-top-section elementor-element elementor-element-2cdd9ca elementor-section-boxed elementor-section-height-default elementor-section-height-default\" data-id=\"2cdd9ca\" data-element_type=\"section\" data-settings=\"{&quot;_ha_eqh_enable&quot;:false}\">\n\t\t\t\t\t\t<div class=\"elementor-container elementor-column-gap-default\">\n\t\t\t\t\t<div class=\"elementor-column elementor-col-100 elementor-top-column elementor-element elementor-element-b8a3282\" data-id=\"b8a3282\" data-element_type=\"column\">\n\t\t\t<div class=\"elementor-widget-wrap elementor-element-populated\">\n\t\t\t\t\t\t\t\t<section class=\"elementor-section elementor-inner-section elementor-element elementor-element-3727073 elementor-section-boxed elementor-section-height-default elementor-section-height-default\" data-id=\"3727073\" data-element_type=\"section\" data-settings=\"{&quot;_ha_eqh_enable&quot;:false}\">\n\t\t\t\t\t\t<div class=\"elementor-container elementor-column-gap-default\">\n\t\t\t\t\t<div class=\"elementor-column elementor-col-50 elementor-inner-column elementor-element elementor-element-d810c4f\" data-id=\"d810c4f\" data-element_type=\"column\">\n\t\t\t<div class=\"elementor-widget-wrap elementor-element-populated\">\n\t\t\t\t\t\t\t\t<div class=\"elementor-element elementor-element-15bbc41 elementor-widget elementor-widget-text-editor\" data-id=\"15bbc41\" data-element_type=\"widget\" data-widget_type=\"text-editor.default\">\n\t\t\t\t<div class=\"elementor-widget-container\">\n\t\t\t\t\t\t\t<p>1943 in Kempten\/Allg\u00e4u geboren<br \/>1964 Polizeibeamter in Augsburg<br \/>1970 Beginn der Malerei als Autodidakt<br \/>1978 Aufnahme in den Berufsverband Bildender K\u00fcnstler Schwaben Nord und Augsburg<br \/>1986 1. Preis \u201eKleines Format\u201c K\u00fcnstlervereineigung \u201eDie Ecke\u201c<br \/>1987 1. Preis der \u201eEcke Galeriekneipe\u201c<br \/>1990 Teilnahme am Kunstsommer in Irre bei Prof. Bernhard Heisig<br \/>1990 Einladung zur Teilnahme am Betonsymposiu der Universit\u00e4t Augsburg und Erstellung einer Gro\u00dfplastik in Beton<br \/>1990 Ab Augsust eigenes Atelier im Stra\u00dfenbahndepot am Senkelbach<br \/>1993 Besucherpreis der Kunstausstellung im Schlo\u00df Wertingen<br \/>193 Kunstpreis der Stadt Neus\u00e4\u00df<br \/>2011 Ab M\u00e4rz Atelier im ehemaligen Gaswerk<br \/>2017 Juli, Auszug aus dem Atelier im Gaswerk (Gesamtsanierung)<br \/>2017 August, neue Atelierr\u00e4ume in Stadtbergen<\/p>\t\t\t\t\t\t<\/div>\n\t\t\t\t<\/div>\n\t\t\t\t\t<\/div>\n\t\t<\/div>\n\t\t\t\t<div class=\"elementor-column elementor-col-50 elementor-inner-column elementor-element elementor-element-3896b79\" data-id=\"3896b79\" data-element_type=\"column\">\n\t\t\t<div class=\"elementor-widget-wrap elementor-element-populated\">\n\t\t\t\t\t\t\t\t<div class=\"elementor-element elementor-element-98f230e elementor-widget elementor-widget-heading\" data-id=\"98f230e\" data-element_type=\"widget\" data-widget_type=\"heading.default\">\n\t\t\t\t<div class=\"elementor-widget-container\">\n\t\t\t<h4 class=\"elementor-heading-title elementor-size-default\">Solo exhibitions<\/h4>\t\t<\/div>\n\t\t\t\t<\/div>\n\t\t\t\t<div class=\"elementor-element elementor-element-8f12916 elementor-widget elementor-widget-text-editor\" data-id=\"8f12916\" data-element_type=\"widget\" data-widget_type=\"text-editor.default\">\n\t\t\t\t<div class=\"elementor-widget-container\">\n\t\t\t\t\t\t\t<div class=\"elementor-column elementor-col-50 elementor-inner-column elementor-element elementor-element-ad8190a\" data-id=\"ad8190a\" data-element_type=\"column\"><div class=\"elementor-column-wrap elementor-element-populated\"><div class=\"elementor-widget-wrap\"><div class=\"elementor-element elementor-element-9b5e337 elementor-widget elementor-widget-heading\" data-id=\"9b5e337\" data-element_type=\"widget\" data-widget_type=\"heading.default\"><div class=\"elementor-widget-container\">\u00a0<\/div><\/div><div class=\"elementor-element elementor-element-ac858d2 elementor-widget elementor-widget-text-editor\" data-id=\"ac858d2\" data-element_type=\"widget\" data-widget_type=\"text-editor.default\"><div class=\"elementor-widget-container\"><div class=\"elementor-text-editor elementor-clearfix\"><p>1980 Treppenhausgalerie \u201eKr\u00f6ll &amp; Bill\u201c<br \/>1985 Produzentengalerie im K\u00fcnstlerhaus Antonspfr\u00fcnde Augsubrg<br \/>1991 \u201eGalerie am Theater\u201c in F\u00fcrth<br \/>1992 Rathaus Neus\u00e4\u00df \u201e\u00d6lbilder\u201c<br \/>2000 Rathaus Neus\u00e4\u00df \u201ePaarweise\u201c<br \/>2008 Stadtwerkehaus<br \/>2008 Restaurant \u201eemelka\u201c<br \/>2009 Rathaus Neus\u00e4\u00df \u201eauf meine art\u201c<br \/>2013 Caf\u00e9 Dichtl \u201eSinnbilder\u201c<br \/>2014 Restaurant Kappeneck<br \/>2016 Kulturzentrum ABRAXAS \u201eauf meine art\u201c, Galerie Berufsverband Bildender K\u00fcnstler<br \/>2016 Stadtwerkehaus \u201ein the city\u201c<br \/>2017 Hohes Schloss Bad Gr\u00f6nenbach \u201eauf meine art\u201c<br \/>2020 Galerie Facette \u201eauf meine art\u201c<\/p><\/div><\/div><\/div><\/div><\/div><\/div>\t\t\t\t\t\t<\/div>\n\t\t\t\t<\/div>\n\t\t\t\t<div class=\"elementor-element elementor-element-1b1714b elementor-widget elementor-widget-heading\" data-id=\"1b1714b\" data-element_type=\"widget\" data-widget_type=\"heading.default\">\n\t\t\t\t<div class=\"elementor-widget-container\">\n\t\t\t<h4 class=\"elementor-heading-title elementor-size-default\">Gruppenausstellungen\n(Beteiligung auszugsweise)<\/h4>\t\t<\/div>\n\t\t\t\t<\/div>\n\t\t\t\t<div class=\"elementor-element elementor-element-a1bd7a0 elementor-widget elementor-widget-text-editor\" data-id=\"a1bd7a0\" data-element_type=\"widget\" data-widget_type=\"text-editor.default\">\n\t\t\t\t<div class=\"elementor-widget-container\">\n\t\t\t\t\t\t\t<div class=\"elementor-column elementor-col-50 elementor-inner-column elementor-element elementor-element-ad8190a\" data-id=\"ad8190a\" data-element_type=\"column\"><div class=\"elementor-column-wrap elementor-element-populated\"><div class=\"elementor-widget-wrap\"><div class=\"elementor-element elementor-element-9b5e337 elementor-widget elementor-widget-heading\" data-id=\"9b5e337\" data-element_type=\"widget\" data-widget_type=\"heading.default\">\u00a0<\/div><div class=\"elementor-element elementor-element-3421c5f elementor-widget elementor-widget-text-editor\" data-id=\"3421c5f\" data-element_type=\"widget\" data-widget_type=\"text-editor.default\"><div class=\"elementor-widget-container\"><div class=\"elementor-text-editor elementor-clearfix\"><p>Gro\u00dfe Schw\u00e4bische Kunstausstellungen, schw\u00e4bische K\u00fcnstler in Irre, Rathausaustellungen Gersthofen, Neus\u00e4\u00df, Friedberg, Kunstpavillon M\u00fcnchen, Scharfrichterhaus Passau, Hofgarten Kempten, BBK Emden, Schloss Wertingen, Schloss in Bobingen, \u201eArte per Tempi Novi\u201c in Mailand, Ausstellung in den Partnerst\u00e4dten Amagasaki, Nagahama, Cayenne, Ljubljana, Ravensburger Kunstmesse \u201eRAKUNA\u201c, Kulturhaus ABRAXAS \u201eJahrgang 1943\u201c u. A.\u00a0<\/p><\/div><\/div><\/div><\/div><\/div><\/div>\t\t\t\t\t\t<\/div>\n\t\t\t\t<\/div>\n\t\t\t\t\t<\/div>\n\t\t<\/div>\n\t\t\t\t\t\t\t<\/div>\n\t\t<\/section>\n\t\t\t\t\t<\/div>\n\t\t<\/div>\n\t\t\t\t\t\t\t<\/div>\n\t\t<\/section>\n\t\t\t\t\t\t\t<\/div>","protected":false},"excerpt":{"rendered":"<p>Kunst kaufen vita Peter Schlichtherle 1943 in Kempten\/Allg\u00e4u geboren1964 Polizeibeamter in Augsburg1970 Beginn der Malerei als Autodidakt1978 Aufnahme in den Berufsverband Bildender K\u00fcnstler Schwaben Nord und Augsburg1986 1. Preis \u201eKleines Format\u201c K\u00fcnstlervereineigung \u201eDie Ecke\u201c1987 1. Preis der \u201eEcke Galeriekneipe\u201c1990 Teilnahme am Kunstsommer in Irre bei Prof. Bernhard Heisig1990 Einladung zur Teilnahme am Betonsymposiu der Universit\u00e4t [&hellip;]<\/p>","protected":false},"author":1,"featured_media":0,"parent":0,"menu_order":0,"comment_status":"closed","ping_status":"closed","template":"","meta":{"footnotes":""},"_links":{"self":[{"href":"https:\/\/galeriereuter.com\/en\/wp-json\/wp\/v2\/pages\/3967"}],"collection":[{"href":"https:\/\/galeriereuter.com\/en\/wp-json\/wp\/v2\/pages"}],"about":[{"href":"https:\/\/galeriereuter.com\/en\/wp-json\/wp\/v2\/types\/page"}],"author":[{"embeddable":true,"href":"https:\/\/galeriereuter.com\/en\/wp-json\/wp\/v2\/users\/1"}],"replies":[{"embeddable":true,"href":"https:\/\/galeriereuter.com\/en\/wp-json\/wp\/v2\/comments?post=3967"}],"version-history":[{"count":27,"href":"https:\/\/galeriereuter.com\/en\/wp-json\/wp\/v2\/pages\/3967\/revisions"}],"predecessor-version":[{"id":7587,"href":"https:\/\/galeriereuter.com\/en\/wp-json\/wp\/v2\/pages\/3967\/revisions\/7587"}],"wp:attachment":[{"href":"https:\/\/galeriereuter.com\/en\/wp-json\/wp\/v2\/media?parent=3967"}],"curies":[{"name":"wp","href":"https:\/\/api.w.org\/{rel}","templated":true}]}}