{"id":5053,"date":"2021-05-21T08:42:16","date_gmt":"2021-05-21T08:42:16","guid":{"rendered":"http:\/\/galeriereuter.com\/?page_id=5053"},"modified":"2022-02-14T08:02:33","modified_gmt":"2022-02-14T08:02:33","slug":"vita-robert-wilhelm","status":"publish","type":"page","link":"https:\/\/galeriereuter.com\/en\/vita-robert-wilhelm\/","title":{"rendered":"Vita Robert Wilhelm"},"content":{"rendered":"<div data-elementor-type=\"wp-page\" data-elementor-id=\"5053\" class=\"elementor elementor-5053\">\n\t\t\t\t\t\t\t\t\t<section class=\"elementor-section elementor-top-section elementor-element elementor-element-9d8ced6 elementor-section-full_width elementor-section-height-default elementor-section-height-default\" data-id=\"9d8ced6\" data-element_type=\"section\" data-settings=\"{&quot;motion_fx_motion_fx_scrolling&quot;:&quot;yes&quot;,&quot;motion_fx_opacity_range&quot;:{&quot;unit&quot;:&quot;%&quot;,&quot;size&quot;:&quot;&quot;,&quot;sizes&quot;:{&quot;start&quot;:35,&quot;end&quot;:74}},&quot;sticky&quot;:&quot;top&quot;,&quot;sticky_offset&quot;:77,&quot;animation&quot;:&quot;none&quot;,&quot;motion_fx_opacity_effect&quot;:&quot;yes&quot;,&quot;_ha_eqh_enable&quot;:false,&quot;motion_fx_opacity_direction&quot;:&quot;out-in&quot;,&quot;motion_fx_opacity_level&quot;:{&quot;unit&quot;:&quot;px&quot;,&quot;size&quot;:10,&quot;sizes&quot;:[]},&quot;motion_fx_devices&quot;:[&quot;desktop&quot;,&quot;tablet&quot;,&quot;mobile&quot;],&quot;sticky_on&quot;:[&quot;desktop&quot;,&quot;tablet&quot;,&quot;mobile&quot;],&quot;sticky_effects_offset&quot;:0}\">\n\t\t\t\t\t\t<div class=\"elementor-container elementor-column-gap-default\">\n\t\t\t\t\t<div class=\"elementor-column elementor-col-100 elementor-top-column elementor-element elementor-element-db85ee2\" data-id=\"db85ee2\" data-element_type=\"column\">\n\t\t\t<div class=\"elementor-widget-wrap elementor-element-populated\">\n\t\t\t\t\t\t\t\t<div class=\"elementor-element elementor-element-01a41b0 elementor-align-left elementor-button-info elementor-mobile-align-right elementor-widget elementor-widget-button\" data-id=\"01a41b0\" data-element_type=\"widget\" data-settings=\"{&quot;sticky&quot;:&quot;bottom&quot;,&quot;sticky_on&quot;:[&quot;desktop&quot;,&quot;tablet&quot;,&quot;mobile&quot;],&quot;sticky_offset&quot;:0,&quot;sticky_effects_offset&quot;:0}\" data-widget_type=\"button.default\">\n\t\t\t\t<div class=\"elementor-widget-container\">\n\t\t\t\t\t<div class=\"elementor-button-wrapper\">\n\t\t\t<a class=\"elementor-button elementor-button-link elementor-size-xs\" href=\"https:\/\/galeriereuter.com\/en\/exponate-robert-wilhelm\/\">\n\t\t\t\t\t\t<span class=\"elementor-button-content-wrapper\">\n\t\t\t\t\t\t<span class=\"elementor-button-icon elementor-align-icon-right\">\n\t\t\t\t<i aria-hidden=\"true\" class=\"hm hm-angle-right\"><\/i>\t\t\t<\/span>\n\t\t\t\t\t\t<span class=\"elementor-button-text\">Buy art<\/span>\n\t\t<\/span>\n\t\t\t\t\t<\/a>\n\t\t<\/div>\n\t\t\t\t<\/div>\n\t\t\t\t<\/div>\n\t\t\t\t\t<\/div>\n\t\t<\/div>\n\t\t\t\t\t\t\t<\/div>\n\t\t<\/section>\n\t\t\t\t<section class=\"elementor-section elementor-top-section elementor-element elementor-element-29795495 elementor-section-boxed elementor-section-height-default elementor-section-height-default\" data-id=\"29795495\" data-element_type=\"section\" data-settings=\"{&quot;background_background&quot;:&quot;classic&quot;,&quot;_ha_eqh_enable&quot;:false}\">\n\t\t\t\t\t\t<div class=\"elementor-container elementor-column-gap-default\">\n\t\t\t\t\t<div class=\"elementor-column elementor-col-100 elementor-top-column elementor-element elementor-element-4de983c4\" data-id=\"4de983c4\" data-element_type=\"column\">\n\t\t\t<div class=\"elementor-widget-wrap elementor-element-populated\">\n\t\t\t\t\t\t\t\t<div class=\"elementor-element elementor-element-d93cb61 elementor-widget elementor-widget-heading\" data-id=\"d93cb61\" data-element_type=\"widget\" data-widget_type=\"heading.default\">\n\t\t\t\t<div class=\"elementor-widget-container\">\n\t\t\t<h2 class=\"elementor-heading-title elementor-size-default\">vita<\/h2>\t\t<\/div>\n\t\t\t\t<\/div>\n\t\t\t\t<section class=\"elementor-section elementor-inner-section elementor-element elementor-element-7034773e elementor-section-boxed elementor-section-height-default elementor-section-height-default\" data-id=\"7034773e\" data-element_type=\"section\" data-settings=\"{&quot;_ha_eqh_enable&quot;:false}\">\n\t\t\t\t\t\t<div class=\"elementor-container elementor-column-gap-default\">\n\t\t\t\t\t<div class=\"elementor-column elementor-col-50 elementor-inner-column elementor-element elementor-element-39b73f57\" data-id=\"39b73f57\" data-element_type=\"column\">\n\t\t\t<div class=\"elementor-widget-wrap elementor-element-populated\">\n\t\t\t\t\t\t\t\t<div class=\"elementor-element elementor-element-4047b7ba elementor-view-default elementor-widget elementor-widget-icon\" data-id=\"4047b7ba\" data-element_type=\"widget\" data-widget_type=\"icon.default\">\n\t\t\t\t<div class=\"elementor-widget-container\">\n\t\t\t\t\t<div class=\"elementor-icon-wrapper\">\n\t\t\t<a class=\"elementor-icon elementor-animation-shrink\" href=\"https:\/\/galeriereuter.com\/en\/exponate-robert-wilhelm\/\" target=\"_blank\">\n\t\t\t<i aria-hidden=\"true\" class=\"far fa-star\"><\/i>\t\t\t<\/a>\n\t\t<\/div>\n\t\t\t\t<\/div>\n\t\t\t\t<\/div>\n\t\t\t\t\t<\/div>\n\t\t<\/div>\n\t\t\t\t<div class=\"elementor-column elementor-col-50 elementor-inner-column elementor-element elementor-element-41b8b095\" data-id=\"41b8b095\" data-element_type=\"column\">\n\t\t\t<div class=\"elementor-widget-wrap elementor-element-populated\">\n\t\t\t\t\t\t\t\t<div class=\"elementor-element elementor-element-35f3ceb0 elementor-widget elementor-widget-text-editor\" data-id=\"35f3ceb0\" data-element_type=\"widget\" data-widget_type=\"text-editor.default\">\n\t\t\t\t<div class=\"elementor-widget-container\">\n\t\t\t\t\t\t\t<p id=\"u12265-2\">Rober Wilhelm<\/p>\t\t\t\t\t\t<\/div>\n\t\t\t\t<\/div>\n\t\t\t\t\t<\/div>\n\t\t<\/div>\n\t\t\t\t\t\t\t<\/div>\n\t\t<\/section>\n\t\t\t\t\t<\/div>\n\t\t<\/div>\n\t\t\t\t\t\t\t<\/div>\n\t\t<\/section>\n\t\t\t\t<section class=\"elementor-section elementor-top-section elementor-element elementor-element-2281ad4d elementor-section-content-middle elementor-section-boxed elementor-section-height-default elementor-section-height-default\" data-id=\"2281ad4d\" data-element_type=\"section\" data-settings=\"{&quot;_ha_eqh_enable&quot;:false}\">\n\t\t\t\t\t\t<div class=\"elementor-container elementor-column-gap-no\">\n\t\t\t\t\t<div class=\"elementor-column elementor-col-100 elementor-top-column elementor-element elementor-element-11b03422\" data-id=\"11b03422\" data-element_type=\"column\">\n\t\t\t<div class=\"elementor-widget-wrap elementor-element-populated\">\n\t\t\t\t\t\t\t\t<section class=\"elementor-section elementor-inner-section elementor-element elementor-element-a5ec90a elementor-section-boxed elementor-section-height-default elementor-section-height-default\" data-id=\"a5ec90a\" data-element_type=\"section\" data-settings=\"{&quot;_ha_eqh_enable&quot;:false}\">\n\t\t\t\t\t\t<div class=\"elementor-container elementor-column-gap-default\">\n\t\t\t\t\t<div class=\"elementor-column elementor-col-50 elementor-inner-column elementor-element elementor-element-3541ada\" data-id=\"3541ada\" data-element_type=\"column\">\n\t\t\t<div class=\"elementor-widget-wrap elementor-element-populated\">\n\t\t\t\t\t\t\t\t<div class=\"elementor-element elementor-element-208b502 elementor-widget elementor-widget-image\" data-id=\"208b502\" data-element_type=\"widget\" data-settings=\"{&quot;sticky&quot;:&quot;top&quot;,&quot;sticky_on&quot;:[&quot;desktop&quot;,&quot;tablet&quot;,&quot;mobile&quot;],&quot;sticky_offset&quot;:0,&quot;sticky_effects_offset&quot;:0}\" data-widget_type=\"image.default\">\n\t\t\t\t<div class=\"elementor-widget-container\">\n\t\t\t\t\t\t\t\t\t\t\t\t\t\t\t<img fetchpriority=\"high\" decoding=\"async\" width=\"479\" height=\"117\" src=\"https:\/\/galeriereuter.com\/wp-content\/uploads\/2021\/05\/robert-wilhelm-Unterschrift.png\" class=\"attachment-full size-full wp-image-5104\" alt=\"\" srcset=\"https:\/\/galeriereuter.com\/wp-content\/uploads\/2021\/05\/robert-wilhelm-Unterschrift.png 479w, https:\/\/galeriereuter.com\/wp-content\/uploads\/2021\/05\/robert-wilhelm-Unterschrift-300x73.png 300w, https:\/\/galeriereuter.com\/wp-content\/uploads\/2021\/05\/robert-wilhelm-Unterschrift-16x4.png 16w\" sizes=\"(max-width: 479px) 100vw, 479px\" \/>\t\t\t\t\t\t\t\t\t\t\t\t\t\t\t<\/div>\n\t\t\t\t<\/div>\n\t\t\t\t\t<\/div>\n\t\t<\/div>\n\t\t\t\t<div class=\"elementor-column elementor-col-50 elementor-inner-column elementor-element elementor-element-7b2b25d\" data-id=\"7b2b25d\" data-element_type=\"column\">\n\t\t\t<div class=\"elementor-widget-wrap elementor-element-populated\">\n\t\t\t\t\t\t\t\t<div class=\"elementor-element elementor-element-97f98ea elementor-widget elementor-widget-text-editor\" data-id=\"97f98ea\" data-element_type=\"widget\" data-widget_type=\"text-editor.default\">\n\t\t\t\t<div class=\"elementor-widget-container\">\n\t\t\t\t\t\t\t<p>Robert \u2013 in der Szene bekannt als \u201eTrusOne\u201c \u2013 lie\u00df sich schon fr\u00fch vom New Yorker Graffiti-K\u00fcnstler Quick und dem Surrealisten Joan Mir\u00f3 beeinflussen.\u00a0Aufgewachsen in Heidelberg, f\u00fchrte ihn seine Leidenschaft f\u00fcrs Snowboarden vor 19 Jahren ins Allg\u00e4u.\u00a0Dort entwickelte er 2001 die abstrakten Charaktere \u201eSmurfnobs\u201c, die auf den W\u00e4nden zahlreicher St\u00e4dte zu finden sind.<\/p><p>Robert wurde 1977 in Heidelberg geboren und absolvierte sein Diplom in Malerei und Grafikdesign an der h\u00f6heren Fachschule in Mannheim.\u00a0Er lebt seit 2000 im Allg\u00e4u und seit sieben Jahren mit seiner Lebensgef\u00e4hrtin und seinen beiden T\u00f6chtern in F\u00fcssen.\u00a0Dort hat er sein Atelier auf dem Gel\u00e4nde der ehemaligen Textilwerke F\u00fcssen und seine Galerie in der F\u00fcssener Altstadt eingerichtet.\u00a0Robert bietet einen Zugang zu au\u00dfergew\u00f6hnlichen Kunstwerken, Deko-Objekten und besonderen Geschenkideen.\u00a0Er besch\u00e4ftigt sich mit zeitgen\u00f6ssischer Kunst.\u00a0Dar\u00fcber hinaus gestaltet er\u00a0\u00a0W\u00e4nde und Fassaden von Hotels, B\u00fcros und Praxen.<\/p>\t\t\t\t\t\t<\/div>\n\t\t\t\t<\/div>\n\t\t\t\t\t<\/div>\n\t\t<\/div>\n\t\t\t\t\t\t\t<\/div>\n\t\t<\/section>\n\t\t\t\t<section class=\"elementor-section elementor-inner-section elementor-element elementor-element-a35b6a8 elementor-section-boxed elementor-section-height-default elementor-section-height-default\" data-id=\"a35b6a8\" data-element_type=\"section\" data-settings=\"{&quot;_ha_eqh_enable&quot;:false}\">\n\t\t\t\t\t\t<div class=\"elementor-container elementor-column-gap-default\">\n\t\t\t\t\t<div class=\"elementor-column elementor-col-50 elementor-inner-column elementor-element elementor-element-4367cf2\" data-id=\"4367cf2\" data-element_type=\"column\">\n\t\t\t<div class=\"elementor-widget-wrap elementor-element-populated\">\n\t\t\t\t\t\t\t\t<div class=\"elementor-element elementor-element-0820cdc elementor-widget elementor-widget-image\" data-id=\"0820cdc\" data-element_type=\"widget\" data-widget_type=\"image.default\">\n\t\t\t\t<div class=\"elementor-widget-container\">\n\t\t\t\t\t\t\t\t\t\t\t\t\t\t\t<img decoding=\"async\" width=\"638\" height=\"786\" src=\"https:\/\/galeriereuter.com\/wp-content\/uploads\/2022\/02\/MG_7492-2_web-1.jpg\" class=\"attachment-large size-large wp-image-7687\" alt=\"\" srcset=\"https:\/\/galeriereuter.com\/wp-content\/uploads\/2022\/02\/MG_7492-2_web-1.jpg 638w, https:\/\/galeriereuter.com\/wp-content\/uploads\/2022\/02\/MG_7492-2_web-1-244x300.jpg 244w, https:\/\/galeriereuter.com\/wp-content\/uploads\/2022\/02\/MG_7492-2_web-1-10x12.jpg 10w\" sizes=\"(max-width: 638px) 100vw, 638px\" \/>\t\t\t\t\t\t\t\t\t\t\t\t\t\t\t<\/div>\n\t\t\t\t<\/div>\n\t\t\t\t\t<\/div>\n\t\t<\/div>\n\t\t\t\t<div class=\"elementor-column elementor-col-50 elementor-inner-column elementor-element elementor-element-e0e16ee\" data-id=\"e0e16ee\" data-element_type=\"column\" data-settings=\"{&quot;background_background&quot;:&quot;classic&quot;}\">\n\t\t\t<div class=\"elementor-widget-wrap elementor-element-populated\">\n\t\t\t\t\t\t\t\t<div class=\"elementor-element elementor-element-7d8a0c4 elementor-widget elementor-widget-video\" data-id=\"7d8a0c4\" data-element_type=\"widget\" data-settings=\"{&quot;youtube_url&quot;:&quot;https:\\\/\\\/www.youtube.com\\\/watch?v=hUXCBk1o-rQ&quot;,&quot;autoplay&quot;:&quot;yes&quot;,&quot;video_type&quot;:&quot;youtube&quot;,&quot;controls&quot;:&quot;yes&quot;}\" data-widget_type=\"video.default\">\n\t\t\t\t<div class=\"elementor-widget-container\">\n\t\t\t\t\t<div class=\"elementor-wrapper elementor-open-inline\">\n\t\t\t<div class=\"elementor-video\"><\/div>\t\t<\/div>\n\t\t\t\t<\/div>\n\t\t\t\t<\/div>\n\t\t\t\t\t<\/div>\n\t\t<\/div>\n\t\t\t\t\t\t\t<\/div>\n\t\t<\/section>\n\t\t\t\t<section class=\"elementor-section elementor-inner-section elementor-element elementor-element-370bc19 elementor-section-boxed elementor-section-height-default elementor-section-height-default\" data-id=\"370bc19\" data-element_type=\"section\" data-settings=\"{&quot;_ha_eqh_enable&quot;:false}\">\n\t\t\t\t\t\t<div class=\"elementor-container elementor-column-gap-default\">\n\t\t\t\t\t<div class=\"elementor-column elementor-col-33 elementor-inner-column elementor-element elementor-element-33beeeb\" data-id=\"33beeeb\" data-element_type=\"column\">\n\t\t\t<div class=\"elementor-widget-wrap elementor-element-populated\">\n\t\t\t\t\t\t\t\t<div class=\"elementor-element elementor-element-c8b80cc elementor-widget elementor-widget-image\" data-id=\"c8b80cc\" data-element_type=\"widget\" data-widget_type=\"image.default\">\n\t\t\t\t<div class=\"elementor-widget-container\">\n\t\t\t\t\t\t\t\t\t\t\t\t\t\t\t<img decoding=\"async\" width=\"567\" height=\"711\" src=\"https:\/\/galeriereuter.com\/wp-content\/uploads\/2022\/02\/RobertWilhelm_web.jpg\" class=\"attachment-large size-large wp-image-7656\" alt=\"\" srcset=\"https:\/\/galeriereuter.com\/wp-content\/uploads\/2022\/02\/RobertWilhelm_web.jpg 567w, https:\/\/galeriereuter.com\/wp-content\/uploads\/2022\/02\/RobertWilhelm_web-239x300.jpg 239w, https:\/\/galeriereuter.com\/wp-content\/uploads\/2022\/02\/RobertWilhelm_web-10x12.jpg 10w\" sizes=\"(max-width: 567px) 100vw, 567px\" \/>\t\t\t\t\t\t\t\t\t\t\t\t\t\t\t<\/div>\n\t\t\t\t<\/div>\n\t\t\t\t<div class=\"elementor-element elementor-element-d1c959a elementor-widget elementor-widget-image\" data-id=\"d1c959a\" data-element_type=\"widget\" data-widget_type=\"image.default\">\n\t\t\t\t<div class=\"elementor-widget-container\">\n\t\t\t\t\t\t\t\t\t\t\t\t\t\t\t<img loading=\"lazy\" decoding=\"async\" width=\"600\" height=\"751\" src=\"https:\/\/galeriereuter.com\/wp-content\/uploads\/2022\/02\/simontoplak_com_portrait-robertwilhelm_06-web_kuerzer.jpg\" class=\"attachment-large size-large wp-image-7653\" alt=\"\" srcset=\"https:\/\/galeriereuter.com\/wp-content\/uploads\/2022\/02\/simontoplak_com_portrait-robertwilhelm_06-web_kuerzer.jpg 600w, https:\/\/galeriereuter.com\/wp-content\/uploads\/2022\/02\/simontoplak_com_portrait-robertwilhelm_06-web_kuerzer-240x300.jpg 240w, https:\/\/galeriereuter.com\/wp-content\/uploads\/2022\/02\/simontoplak_com_portrait-robertwilhelm_06-web_kuerzer-10x12.jpg 10w\" sizes=\"(max-width: 600px) 100vw, 600px\" \/>\t\t\t\t\t\t\t\t\t\t\t\t\t\t\t<\/div>\n\t\t\t\t<\/div>\n\t\t\t\t\t<\/div>\n\t\t<\/div>\n\t\t\t\t<div class=\"elementor-column elementor-col-33 elementor-inner-column elementor-element elementor-element-288ea45\" data-id=\"288ea45\" data-element_type=\"column\">\n\t\t\t<div class=\"elementor-widget-wrap elementor-element-populated\">\n\t\t\t\t\t\t\t\t<div class=\"elementor-element elementor-element-6eacdaaf elementor-widget elementor-widget-heading\" data-id=\"6eacdaaf\" data-element_type=\"widget\" data-widget_type=\"heading.default\">\n\t\t\t\t<div class=\"elementor-widget-container\">\n\t\t\t<h4 class=\"elementor-heading-title elementor-size-default\">Ausstellungen<\/h4>\t\t<\/div>\n\t\t\t\t<\/div>\n\t\t\t\t<div class=\"elementor-element elementor-element-2f56626 elementor-widget elementor-widget-text-editor\" data-id=\"2f56626\" data-element_type=\"widget\" data-widget_type=\"text-editor.default\">\n\t\t\t\t<div class=\"elementor-widget-container\">\n\t\t\t\t\t\t\t<div class=\"wpb_column vc_column_container vc_col-sm-6\"><div class=\"vc_column-inner\"><div class=\"wpb_wrapper\"><div class=\"wpb_text_column wpb_content_element\"><div class=\"wpb_wrapper\"><h3>2019<\/h3><p>Galerie Marciano Contemporary, Paris<\/p><h3>2018<\/h3><p>Alpenged\u00f6ns, eine zeitgen\u00f6ssische Perspektive auf das Alpenidyll.<\/p><p>Gruppenausstellung in der Villa Jauss, Oberstdorf<\/p><p>Ende neu verkehrt herum, Einzelausstellung in der Wirtschaftskammer Reutte (Tirol) l\u00e4uft noch bis Ende 2019<\/p><p>EU LEADER-Projekt \u201eGeschichtenmanufaktur F\u00fcssen\u201c<\/p><p>\u201cSchlosspark im Allg\u00e4u\u201c Bild in Linsenraster-Technik, Kunstwerk im F\u00fcssener Bahnhof.<br \/>Idee, Konzept, k\u00fcnstlerische Umsetzung: Robert Wilhelm<br \/>Fotografie, Postproduktion, technische Leitung: Simon<br \/>Toplak<\/p><h3>2017<\/h3><p>Endress + Hausser, Nesselwang<\/p><h3>2016<\/h3><p>Lake Art, Heiterwang<br \/>Porsche Moderne Urban Street Art, Kempten<\/p><h3>2017<\/h3><p>Endress + Hausser, Nesselwang<\/p><h3>2016<\/h3><p>Lake Art, Heiterwang<br \/>Porsche Moderne Urban Street Art, Kempten<\/p><\/div><\/div><\/div><\/div><\/div>\t\t\t\t\t\t<\/div>\n\t\t\t\t<\/div>\n\t\t\t\t\t<\/div>\n\t\t<\/div>\n\t\t\t\t<div class=\"elementor-column elementor-col-33 elementor-inner-column elementor-element elementor-element-4d06c30\" data-id=\"4d06c30\" data-element_type=\"column\">\n\t\t\t<div class=\"elementor-widget-wrap elementor-element-populated\">\n\t\t\t\t\t\t\t\t<div class=\"elementor-element elementor-element-f2e8f3e elementor-widget elementor-widget-text-editor\" data-id=\"f2e8f3e\" data-element_type=\"widget\" data-widget_type=\"text-editor.default\">\n\t\t\t\t<div class=\"elementor-widget-container\">\n\t\t\t\t\t\t\t<div class=\"wpb_column vc_column_container vc_col-sm-6\"><div class=\"vc_column-inner\"><div class=\"wpb_wrapper\"><div class=\"wpb_text_column wpb_content_element\"><div class=\"wpb_wrapper\"><h3>2015<\/h3><p>Einzelausstellung, Wien<br \/>Le Mur, Paris<\/p><h3>2014<\/h3><p>Subcouture, Kempten<br \/>Parkour, F\u00fcssen<\/p><h3>2013<\/h3><p>Blickkontakt, Innsbruck<br \/>Kunstnacht, Kempten<br \/>Residenz, Kempten<\/p><h3>2012<\/h3><p>KMG Art Gallery, Wien<\/p><\/div><\/div><\/div><\/div><\/div><div class=\"wpb_column vc_column_container vc_col-sm-6\"><div class=\"vc_column-inner\"><div class=\"wpb_wrapper\"><div class=\"wpb_text_column wpb_content_element\"><div class=\"wpb_wrapper\"><h3>2011<\/h3><p>Streetlab, Berlin<br \/>Artaq, Berlin<\/p><h3>2010<\/h3><p>Gallery Espace Beaurepaire, Paris<br \/>Peachproperties, London<br \/>Streetlab, Wien<br \/>Muffatwerk, M\u00fcnchen<\/p><h3>2009<\/h3><p>Art on Snow, Kleinwalsertal<br \/>Moving Art, Augsburg<br \/>Subcouture, F\u00fcssen<br \/>Invasion, Tannheim<\/p><\/div><\/div><\/div><\/div><\/div>\t\t\t\t\t\t<\/div>\n\t\t\t\t<\/div>\n\t\t\t\t\t<\/div>\n\t\t<\/div>\n\t\t\t\t\t\t\t<\/div>\n\t\t<\/section>\n\t\t\t\t<section class=\"elementor-section elementor-inner-section elementor-element elementor-element-372bd8f elementor-section-boxed elementor-section-height-default elementor-section-height-default\" data-id=\"372bd8f\" data-element_type=\"section\" data-settings=\"{&quot;_ha_eqh_enable&quot;:false}\">\n\t\t\t\t\t\t<div class=\"elementor-container elementor-column-gap-default\">\n\t\t\t\t\t<div class=\"elementor-column elementor-col-50 elementor-inner-column elementor-element elementor-element-c37d8d1\" data-id=\"c37d8d1\" data-element_type=\"column\">\n\t\t\t<div class=\"elementor-widget-wrap\">\n\t\t\t\t\t\t\t\t\t<\/div>\n\t\t<\/div>\n\t\t\t\t<div class=\"elementor-column elementor-col-50 elementor-inner-column elementor-element elementor-element-e0ac822\" data-id=\"e0ac822\" data-element_type=\"column\">\n\t\t\t<div class=\"elementor-widget-wrap\">\n\t\t\t\t\t\t\t\t\t<\/div>\n\t\t<\/div>\n\t\t\t\t\t\t\t<\/div>\n\t\t<\/section>\n\t\t\t\t\t<\/div>\n\t\t<\/div>\n\t\t\t\t\t\t\t<\/div>\n\t\t<\/section>\n\t\t\t\t\t\t\t<\/div>","protected":false},"excerpt":{"rendered":"<p>Kunst kaufen vita Robert Wilhelm Robert \u2013 in der Szene bekannt als \u201eTrusOne\u201c \u2013 lie\u00df sich schon fr\u00fch vom New Yorker Graffiti-K\u00fcnstler Quick und dem Surrealisten Joan Mir\u00f3 beeinflussen.\u00a0Aufgewachsen in Heidelberg, f\u00fchrte ihn seine Leidenschaft f\u00fcrs Snowboarden vor 19 Jahren ins Allg\u00e4u.\u00a0Dort entwickelte er 2001 die abstrakten Charaktere \u201eSmurfnobs\u201c, die auf den W\u00e4nden zahlreicher St\u00e4dte [&hellip;]<\/p>","protected":false},"author":1,"featured_media":0,"parent":0,"menu_order":0,"comment_status":"closed","ping_status":"closed","template":"","meta":{"footnotes":""},"_links":{"self":[{"href":"https:\/\/galeriereuter.com\/en\/wp-json\/wp\/v2\/pages\/5053"}],"collection":[{"href":"https:\/\/galeriereuter.com\/en\/wp-json\/wp\/v2\/pages"}],"about":[{"href":"https:\/\/galeriereuter.com\/en\/wp-json\/wp\/v2\/types\/page"}],"author":[{"embeddable":true,"href":"https:\/\/galeriereuter.com\/en\/wp-json\/wp\/v2\/users\/1"}],"replies":[{"embeddable":true,"href":"https:\/\/galeriereuter.com\/en\/wp-json\/wp\/v2\/comments?post=5053"}],"version-history":[{"count":97,"href":"https:\/\/galeriereuter.com\/en\/wp-json\/wp\/v2\/pages\/5053\/revisions"}],"predecessor-version":[{"id":7702,"href":"https:\/\/galeriereuter.com\/en\/wp-json\/wp\/v2\/pages\/5053\/revisions\/7702"}],"wp:attachment":[{"href":"https:\/\/galeriereuter.com\/en\/wp-json\/wp\/v2\/media?parent=5053"}],"curies":[{"name":"wp","href":"https:\/\/api.w.org\/{rel}","templated":true}]}}