{"id":5055,"date":"2021-05-21T08:43:28","date_gmt":"2021-05-21T08:43:28","guid":{"rendered":"http:\/\/galeriereuter.com\/?page_id=5055"},"modified":"2021-10-07T12:48:59","modified_gmt":"2021-10-07T12:48:59","slug":"vita-christine-oster","status":"publish","type":"page","link":"https:\/\/galeriereuter.com\/en\/vita-christine-oster\/","title":{"rendered":"Vita Christine Oster"},"content":{"rendered":"<div data-elementor-type=\"wp-page\" data-elementor-id=\"5055\" class=\"elementor elementor-5055\">\n\t\t\t\t\t\t\t\t\t<section class=\"elementor-section elementor-top-section elementor-element elementor-element-0097cdd elementor-section-full_width elementor-section-height-default elementor-section-height-default\" data-id=\"0097cdd\" data-element_type=\"section\" data-settings=\"{&quot;motion_fx_motion_fx_scrolling&quot;:&quot;yes&quot;,&quot;motion_fx_opacity_range&quot;:{&quot;unit&quot;:&quot;%&quot;,&quot;size&quot;:&quot;&quot;,&quot;sizes&quot;:{&quot;start&quot;:35,&quot;end&quot;:74}},&quot;sticky&quot;:&quot;top&quot;,&quot;sticky_offset&quot;:77,&quot;animation&quot;:&quot;none&quot;,&quot;motion_fx_opacity_effect&quot;:&quot;yes&quot;,&quot;_ha_eqh_enable&quot;:false,&quot;motion_fx_opacity_direction&quot;:&quot;out-in&quot;,&quot;motion_fx_opacity_level&quot;:{&quot;unit&quot;:&quot;px&quot;,&quot;size&quot;:10,&quot;sizes&quot;:[]},&quot;motion_fx_devices&quot;:[&quot;desktop&quot;,&quot;tablet&quot;,&quot;mobile&quot;],&quot;sticky_on&quot;:[&quot;desktop&quot;,&quot;tablet&quot;,&quot;mobile&quot;],&quot;sticky_effects_offset&quot;:0}\">\n\t\t\t\t\t\t<div class=\"elementor-container elementor-column-gap-default\">\n\t\t\t\t\t<div class=\"elementor-column elementor-col-100 elementor-top-column elementor-element elementor-element-e4ff870\" data-id=\"e4ff870\" data-element_type=\"column\">\n\t\t\t<div class=\"elementor-widget-wrap elementor-element-populated\">\n\t\t\t\t\t\t\t\t<div class=\"elementor-element elementor-element-95ff68e elementor-align-left elementor-button-info elementor-mobile-align-right elementor-widget elementor-widget-button\" data-id=\"95ff68e\" data-element_type=\"widget\" data-widget_type=\"button.default\">\n\t\t\t\t<div class=\"elementor-widget-container\">\n\t\t\t\t\t<div class=\"elementor-button-wrapper\">\n\t\t\t<a class=\"elementor-button elementor-button-link elementor-size-xs\" href=\"https:\/\/galeriereuter.com\/en\/exponate-christine-oster\/\">\n\t\t\t\t\t\t<span class=\"elementor-button-content-wrapper\">\n\t\t\t\t\t\t<span class=\"elementor-button-icon elementor-align-icon-right\">\n\t\t\t\t<i aria-hidden=\"true\" class=\"hm hm-angle-right\"><\/i>\t\t\t<\/span>\n\t\t\t\t\t\t<span class=\"elementor-button-text\">Buy art<\/span>\n\t\t<\/span>\n\t\t\t\t\t<\/a>\n\t\t<\/div>\n\t\t\t\t<\/div>\n\t\t\t\t<\/div>\n\t\t\t\t\t<\/div>\n\t\t<\/div>\n\t\t\t\t\t\t\t<\/div>\n\t\t<\/section>\n\t\t\t\t<section class=\"elementor-section elementor-top-section elementor-element elementor-element-4f25a3cd elementor-section-boxed elementor-section-height-default elementor-section-height-default\" data-id=\"4f25a3cd\" data-element_type=\"section\" data-settings=\"{&quot;background_background&quot;:&quot;classic&quot;,&quot;_ha_eqh_enable&quot;:false}\">\n\t\t\t\t\t\t<div class=\"elementor-container elementor-column-gap-default\">\n\t\t\t\t\t<div class=\"elementor-column elementor-col-100 elementor-top-column elementor-element elementor-element-304d882f\" data-id=\"304d882f\" data-element_type=\"column\">\n\t\t\t<div class=\"elementor-widget-wrap elementor-element-populated\">\n\t\t\t\t\t\t\t\t<div class=\"elementor-element elementor-element-4899adc elementor-widget elementor-widget-heading\" data-id=\"4899adc\" data-element_type=\"widget\" data-widget_type=\"heading.default\">\n\t\t\t\t<div class=\"elementor-widget-container\">\n\t\t\t<h2 class=\"elementor-heading-title elementor-size-default\">vita<\/h2>\t\t<\/div>\n\t\t\t\t<\/div>\n\t\t\t\t<section class=\"elementor-section elementor-inner-section elementor-element elementor-element-5c1eda8 elementor-section-boxed elementor-section-height-default elementor-section-height-default\" data-id=\"5c1eda8\" data-element_type=\"section\" data-settings=\"{&quot;_ha_eqh_enable&quot;:false}\">\n\t\t\t\t\t\t<div class=\"elementor-container elementor-column-gap-default\">\n\t\t\t\t\t<div class=\"elementor-column elementor-col-50 elementor-inner-column elementor-element elementor-element-68015205\" data-id=\"68015205\" data-element_type=\"column\">\n\t\t\t<div class=\"elementor-widget-wrap elementor-element-populated\">\n\t\t\t\t\t\t\t\t<div class=\"elementor-element elementor-element-5753c35c elementor-view-default elementor-widget elementor-widget-icon\" data-id=\"5753c35c\" data-element_type=\"widget\" data-widget_type=\"icon.default\">\n\t\t\t\t<div class=\"elementor-widget-container\">\n\t\t\t\t\t<div class=\"elementor-icon-wrapper\">\n\t\t\t<a class=\"elementor-icon elementor-animation-shrink\" href=\"https:\/\/galeriereuter.com\/en\/exponate-christine-oster\/\" target=\"_blank\">\n\t\t\t<i aria-hidden=\"true\" class=\"far fa-star\"><\/i>\t\t\t<\/a>\n\t\t<\/div>\n\t\t\t\t<\/div>\n\t\t\t\t<\/div>\n\t\t\t\t\t<\/div>\n\t\t<\/div>\n\t\t\t\t<div class=\"elementor-column elementor-col-50 elementor-inner-column elementor-element elementor-element-62447b7b\" data-id=\"62447b7b\" data-element_type=\"column\">\n\t\t\t<div class=\"elementor-widget-wrap elementor-element-populated\">\n\t\t\t\t\t\t\t\t<div class=\"elementor-element elementor-element-5e3b86fe elementor-widget elementor-widget-text-editor\" data-id=\"5e3b86fe\" data-element_type=\"widget\" data-widget_type=\"text-editor.default\">\n\t\t\t\t<div class=\"elementor-widget-container\">\n\t\t\t\t\t\t\t<p id=\"u12265-2\">Christine Oster<\/p>\t\t\t\t\t\t<\/div>\n\t\t\t\t<\/div>\n\t\t\t\t\t<\/div>\n\t\t<\/div>\n\t\t\t\t\t\t\t<\/div>\n\t\t<\/section>\n\t\t\t\t\t<\/div>\n\t\t<\/div>\n\t\t\t\t\t\t\t<\/div>\n\t\t<\/section>\n\t\t\t\t<section class=\"elementor-section elementor-top-section elementor-element elementor-element-7cba525 elementor-section-content-middle elementor-section-boxed elementor-section-height-default elementor-section-height-default\" data-id=\"7cba525\" data-element_type=\"section\" data-settings=\"{&quot;_ha_eqh_enable&quot;:false}\">\n\t\t\t\t\t\t<div class=\"elementor-container elementor-column-gap-no\">\n\t\t\t\t\t<div class=\"elementor-column elementor-col-100 elementor-top-column elementor-element elementor-element-bcffb1\" data-id=\"bcffb1\" data-element_type=\"column\">\n\t\t\t<div class=\"elementor-widget-wrap elementor-element-populated\">\n\t\t\t\t\t\t\t\t<section class=\"elementor-section elementor-inner-section elementor-element elementor-element-8669a2b elementor-section-content-top elementor-section-boxed elementor-section-height-default elementor-section-height-default\" data-id=\"8669a2b\" data-element_type=\"section\" data-settings=\"{&quot;_ha_eqh_enable&quot;:false}\">\n\t\t\t\t\t\t<div class=\"elementor-container elementor-column-gap-no\">\n\t\t\t\t\t<div class=\"elementor-column elementor-col-50 elementor-inner-column elementor-element elementor-element-76eb6208\" data-id=\"76eb6208\" data-element_type=\"column\">\n\t\t\t<div class=\"elementor-widget-wrap elementor-element-populated\">\n\t\t\t\t\t\t\t\t<div class=\"elementor-element elementor-element-2c0e837 elementor-widget elementor-widget-image\" data-id=\"2c0e837\" data-element_type=\"widget\" data-widget_type=\"image.default\">\n\t\t\t\t<div class=\"elementor-widget-container\">\n\t\t\t\t\t\t\t\t\t\t\t\t\t\t\t<img fetchpriority=\"high\" decoding=\"async\" width=\"478\" height=\"1024\" src=\"https:\/\/galeriereuter.com\/wp-content\/uploads\/2021\/05\/OSTER-0060-D-scaled-1-478x1024.jpg\" class=\"attachment-large size-large wp-image-4362\" alt=\"\" srcset=\"https:\/\/galeriereuter.com\/wp-content\/uploads\/2021\/05\/OSTER-0060-D-scaled-1-478x1024.jpg 478w, https:\/\/galeriereuter.com\/wp-content\/uploads\/2021\/05\/OSTER-0060-D-scaled-1-140x300.jpg 140w, https:\/\/galeriereuter.com\/wp-content\/uploads\/2021\/05\/OSTER-0060-D-scaled-1-768x1647.jpg 768w, https:\/\/galeriereuter.com\/wp-content\/uploads\/2021\/05\/OSTER-0060-D-scaled-1-716x1536.jpg 716w, https:\/\/galeriereuter.com\/wp-content\/uploads\/2021\/05\/OSTER-0060-D-scaled-1-955x2048.jpg 955w, https:\/\/galeriereuter.com\/wp-content\/uploads\/2021\/05\/OSTER-0060-D-scaled-1.jpg 1194w\" sizes=\"(max-width: 478px) 100vw, 478px\" \/>\t\t\t\t\t\t\t\t\t\t\t\t\t\t\t<\/div>\n\t\t\t\t<\/div>\n\t\t\t\t\t<\/div>\n\t\t<\/div>\n\t\t\t\t<div class=\"elementor-column elementor-col-50 elementor-inner-column elementor-element elementor-element-28f8b1d\" data-id=\"28f8b1d\" data-element_type=\"column\">\n\t\t\t<div class=\"elementor-widget-wrap elementor-element-populated\">\n\t\t\t\t\t\t\t\t<div class=\"elementor-element elementor-element-4a81be03 elementor-widget elementor-widget-heading\" data-id=\"4a81be03\" data-element_type=\"widget\" data-widget_type=\"heading.default\">\n\t\t\t\t<div class=\"elementor-widget-container\">\n\t\t\t<h4 class=\"elementor-heading-title elementor-size-default\">Galerien<\/h4>\t\t<\/div>\n\t\t\t\t<\/div>\n\t\t\t\t<div class=\"elementor-element elementor-element-668bf6b elementor-widget elementor-widget-text-editor\" data-id=\"668bf6b\" data-element_type=\"widget\" data-widget_type=\"text-editor.default\">\n\t\t\t\t<div class=\"elementor-widget-container\">\n\t\t\t\t\t\t\t<p class=\"p1\">Onlinegalerie Galerie Reuter, Augsburg<\/p>\t\t\t\t\t\t<\/div>\n\t\t\t\t<\/div>\n\t\t\t\t<div class=\"elementor-element elementor-element-381e4fa elementor-widget elementor-widget-heading\" data-id=\"381e4fa\" data-element_type=\"widget\" data-widget_type=\"heading.default\">\n\t\t\t\t<div class=\"elementor-widget-container\">\n\t\t\t<h4 class=\"elementor-heading-title elementor-size-default\">Ausstellungen<\/h4>\t\t<\/div>\n\t\t\t\t<\/div>\n\t\t\t\t<div class=\"elementor-element elementor-element-f0683bf elementor-widget elementor-widget-heading\" data-id=\"f0683bf\" data-element_type=\"widget\" data-widget_type=\"heading.default\">\n\t\t\t\t<div class=\"elementor-widget-container\">\n\t\t\t<h4 class=\"elementor-heading-title elementor-size-default\">2021<\/h4>\t\t<\/div>\n\t\t\t\t<\/div>\n\t\t\t\t<div class=\"elementor-element elementor-element-92968c9 elementor-widget elementor-widget-text-editor\" data-id=\"92968c9\" data-element_type=\"widget\" data-widget_type=\"text-editor.default\">\n\t\t\t\t<div class=\"elementor-widget-container\">\n\t\t\t\t\t\t\t<p class=\"p1\"><strong>Online Vernissage, Galerie Reuter, Augsburg<\/strong><br \/>Gemeinschaftsausstellung Kunstverein &#8222;Off Art&#8220; G\u00fcnzburg, im Krankenhaus G\u00fcnzburg, 2020 &#8211; 2021<\/p>\t\t\t\t\t\t<\/div>\n\t\t\t\t<\/div>\n\t\t\t\t<div class=\"elementor-element elementor-element-96a1225 elementor-widget elementor-widget-heading\" data-id=\"96a1225\" data-element_type=\"widget\" data-widget_type=\"heading.default\">\n\t\t\t\t<div class=\"elementor-widget-container\">\n\t\t\t<h4 class=\"elementor-heading-title elementor-size-default\">2020<\/h4>\t\t<\/div>\n\t\t\t\t<\/div>\n\t\t\t\t<div class=\"elementor-element elementor-element-09a72a7 elementor-widget elementor-widget-text-editor\" data-id=\"09a72a7\" data-element_type=\"widget\" data-widget_type=\"text-editor.default\">\n\t\t\t\t<div class=\"elementor-widget-container\">\n\t\t\t\t\t\t\t<p class=\"p1\">Gemeinschaftsausstellung mit dem Kunstverein &#8222;OFF-ART&#8220;, G\u00fcnzburg<br \/>Galerie Gro\u00df, Burgau 22. November 2019 &#8211; 15. Januar 2020<br \/>Gemeinschaftsausstellung Galerie &#8222;Artinnovation&#8220; Berlin 29. November 2019 &#8211; 28. Januar 2020<br \/>24. Internationale Kunstmesse ART Innsbruck Innsbruck 15. &#8211; 19. Januar 2020<br \/>Galerie Burgau, Burgau, Einzelausstellung, Fr\u00fchjahr, Rathaus Gersthofen, Gersthofen<br \/>Gruppenausstellung 17. Juli &#8211; 4. September 2020<br \/>Vernissage 17. Juli, 19.30 Uhr, S\u00e4ulenhalle Landsberg, Landsberg<br \/>Einzelausstellung 25. &#8211; 29. Juni 2020<br \/>Teilnahme ARTBOX.PROJECT, Z\u00fcrich 2.0, 20. &#8211; 24. August 2020<\/p>\t\t\t\t\t\t<\/div>\n\t\t\t\t<\/div>\n\t\t\t\t<div class=\"elementor-element elementor-element-8ce34f7 elementor-widget elementor-widget-heading\" data-id=\"8ce34f7\" data-element_type=\"widget\" data-widget_type=\"heading.default\">\n\t\t\t\t<div class=\"elementor-widget-container\">\n\t\t\t<h4 class=\"elementor-heading-title elementor-size-default\">2019<\/h4>\t\t<\/div>\n\t\t\t\t<\/div>\n\t\t\t\t<div class=\"elementor-element elementor-element-6534668a elementor-widget elementor-widget-text-editor\" data-id=\"6534668a\" data-element_type=\"widget\" data-widget_type=\"text-editor.default\">\n\t\t\t\t<div class=\"elementor-widget-container\">\n\t\t\t\t\t\t\t<p>Galerie Burgau, Burgau, Dauerausstellung<br \/>Landsberger S\u00e4ulenhalle, Landsberg, Einzelausstellung, 22. &#8211; 24. M\u00e4rz 2019<br \/>S\u00e4ulenhalle Dinkelsb\u00fchl, Dinkelsb\u00fchl, Einzelausstellung, 13.- 15. September 2019<br \/>Galerie im Wasserschloss Krumbach, Krumbach, Familie Schoblocher, Gemeinschaftsausstellung Kunstverein &#8222;Offart&#8220; G\u00fcnzburg, Mitte September 2019<br \/>Art Salzburg Contemporary &amp; Antiques International, Vertreten Galerie Artinnovation, 27.-29. September<br \/>Schloss Zu Hopferau, Hopferau, Einzelausstellung, 8. Oktober &#8211; 8.Dezember 2019<\/p>\t\t\t\t\t\t<\/div>\n\t\t\t\t<\/div>\n\t\t\t\t<div class=\"elementor-element elementor-element-9d1b8da elementor-widget elementor-widget-heading\" data-id=\"9d1b8da\" data-element_type=\"widget\" data-widget_type=\"heading.default\">\n\t\t\t\t<div class=\"elementor-widget-container\">\n\t\t\t<h4 class=\"elementor-heading-title elementor-size-default\">2018<\/h4>\t\t<\/div>\n\t\t\t\t<\/div>\n\t\t\t\t<div class=\"elementor-element elementor-element-3763807 elementor-widget elementor-widget-text-editor\" data-id=\"3763807\" data-element_type=\"widget\" data-widget_type=\"text-editor.default\">\n\t\t\t\t<div class=\"elementor-widget-container\">\n\t\t\t\t\t\t\t<p>Galerie L\u00fcrs, Hotel Fontenay, Bad W\u00f6rishofen, Januar, Gruppenausstellung<br \/>Galerie L\u00fcrs, Hotel Fontenay, Bad W\u00f6rishofen, Februar, Einzelausstellung<br \/>Burgauer Galerie, Burgau, Gemeinschaftsausstellung, 25. Jun &#8211; 25. Jul 2018<br \/>Bayrisches Ministerium f\u00fcr Bildung und Kultus, M\u00fcnchen, M\u00e4rz &#8211; September<br \/><span style=\"font-family: Arial;\">Kunstgew\u00f6lbe Dinkelsb\u00fchl, Dinkelsb\u00fchl, 16. &#8211; 17. September<\/span>\u00a0<br \/>Hessing Kliniken, Augsburg, Einzelausstellung, Okt. &#8211; Dez. 2018<\/p>\t\t\t\t\t\t<\/div>\n\t\t\t\t<\/div>\n\t\t\t\t<div class=\"elementor-element elementor-element-5a7c9c1 elementor-widget elementor-widget-heading\" data-id=\"5a7c9c1\" data-element_type=\"widget\" data-widget_type=\"heading.default\">\n\t\t\t\t<div class=\"elementor-widget-container\">\n\t\t\t<h4 class=\"elementor-heading-title elementor-size-default\">2017<\/h4>\t\t<\/div>\n\t\t\t\t<\/div>\n\t\t\t\t<div class=\"elementor-element elementor-element-d54aee3 elementor-widget elementor-widget-text-editor\" data-id=\"d54aee3\" data-element_type=\"widget\" data-widget_type=\"text-editor.default\">\n\t\t\t\t<div class=\"elementor-widget-container\">\n\t\t\t\t\t\t\t<p>Galerie Kalina, Bayerischer Wald, Dauerausstellung<br \/>Galerie Bessler, Augsburg, Dauerausstellung<br \/>Galerie bei der Kom\u00f6die, Augsburg, Himmel &amp; Meer, Juli &#8211; August<br \/>Galerie Hackl, Landshut, Dauerausstellung<\/p>\t\t\t\t\t\t<\/div>\n\t\t\t\t<\/div>\n\t\t\t\t\t<\/div>\n\t\t<\/div>\n\t\t\t\t\t\t\t<\/div>\n\t\t<\/section>\n\t\t\t\t\t<\/div>\n\t\t<\/div>\n\t\t\t\t\t\t\t<\/div>\n\t\t<\/section>\n\t\t\t\t\t\t\t<\/div>","protected":false},"excerpt":{"rendered":"<p>Kunst kaufen vita Christine Oster Galerien Onlinegalerie Galerie Reuter, Augsburg Ausstellungen 2021 Online Vernissage, Galerie Reuter, AugsburgGemeinschaftsausstellung Kunstverein &#8222;Off Art&#8220; G\u00fcnzburg, im Krankenhaus G\u00fcnzburg, 2020 &#8211; 2021 2020 Gemeinschaftsausstellung mit dem Kunstverein &#8222;OFF-ART&#8220;, G\u00fcnzburgGalerie Gro\u00df, Burgau 22. November 2019 &#8211; 15. Januar 2020Gemeinschaftsausstellung Galerie &#8222;Artinnovation&#8220; Berlin 29. November 2019 &#8211; 28. Januar 202024. Internationale Kunstmesse [&hellip;]<\/p>","protected":false},"author":1,"featured_media":0,"parent":0,"menu_order":0,"comment_status":"closed","ping_status":"closed","template":"","meta":{"footnotes":""},"_links":{"self":[{"href":"https:\/\/galeriereuter.com\/en\/wp-json\/wp\/v2\/pages\/5055"}],"collection":[{"href":"https:\/\/galeriereuter.com\/en\/wp-json\/wp\/v2\/pages"}],"about":[{"href":"https:\/\/galeriereuter.com\/en\/wp-json\/wp\/v2\/types\/page"}],"author":[{"embeddable":true,"href":"https:\/\/galeriereuter.com\/en\/wp-json\/wp\/v2\/users\/1"}],"replies":[{"embeddable":true,"href":"https:\/\/galeriereuter.com\/en\/wp-json\/wp\/v2\/comments?post=5055"}],"version-history":[{"count":37,"href":"https:\/\/galeriereuter.com\/en\/wp-json\/wp\/v2\/pages\/5055\/revisions"}],"predecessor-version":[{"id":7584,"href":"https:\/\/galeriereuter.com\/en\/wp-json\/wp\/v2\/pages\/5055\/revisions\/7584"}],"wp:attachment":[{"href":"https:\/\/galeriereuter.com\/en\/wp-json\/wp\/v2\/media?parent=5055"}],"curies":[{"name":"wp","href":"https:\/\/api.w.org\/{rel}","templated":true}]}}