{"id":7410,"date":"2021-10-05T07:12:33","date_gmt":"2021-10-05T07:12:33","guid":{"rendered":"https:\/\/galeriereuter.com\/?page_id=7410"},"modified":"2021-10-07T12:48:20","modified_gmt":"2021-10-07T12:48:20","slug":"vita-monika-wex","status":"publish","type":"page","link":"https:\/\/galeriereuter.com\/en\/vita-monika-wex\/","title":{"rendered":"Vita Monika Wex"},"content":{"rendered":"<div data-elementor-type=\"wp-page\" data-elementor-id=\"7410\" class=\"elementor elementor-7410\">\n\t\t\t\t\t\t\t\t\t<section class=\"elementor-section elementor-top-section elementor-element elementor-element-866bf78 elementor-section-full_width elementor-section-height-default elementor-section-height-default\" data-id=\"866bf78\" data-element_type=\"section\" data-settings=\"{&quot;motion_fx_motion_fx_scrolling&quot;:&quot;yes&quot;,&quot;motion_fx_opacity_range&quot;:{&quot;unit&quot;:&quot;%&quot;,&quot;size&quot;:&quot;&quot;,&quot;sizes&quot;:{&quot;start&quot;:35,&quot;end&quot;:74}},&quot;sticky&quot;:&quot;top&quot;,&quot;sticky_offset&quot;:77,&quot;animation&quot;:&quot;none&quot;,&quot;motion_fx_opacity_effect&quot;:&quot;yes&quot;,&quot;_ha_eqh_enable&quot;:false,&quot;motion_fx_opacity_direction&quot;:&quot;out-in&quot;,&quot;motion_fx_opacity_level&quot;:{&quot;unit&quot;:&quot;px&quot;,&quot;size&quot;:10,&quot;sizes&quot;:[]},&quot;motion_fx_devices&quot;:[&quot;desktop&quot;,&quot;tablet&quot;,&quot;mobile&quot;],&quot;sticky_on&quot;:[&quot;desktop&quot;,&quot;tablet&quot;,&quot;mobile&quot;],&quot;sticky_effects_offset&quot;:0}\">\n\t\t\t\t\t\t<div class=\"elementor-container elementor-column-gap-default\">\n\t\t\t\t\t<div class=\"elementor-column elementor-col-100 elementor-top-column elementor-element elementor-element-d4fdf38\" data-id=\"d4fdf38\" data-element_type=\"column\">\n\t\t\t<div class=\"elementor-widget-wrap elementor-element-populated\">\n\t\t\t\t\t\t\t\t<div class=\"elementor-element elementor-element-d41a412 elementor-align-left elementor-button-info elementor-mobile-align-right elementor-widget elementor-widget-button\" data-id=\"d41a412\" data-element_type=\"widget\" data-widget_type=\"button.default\">\n\t\t\t\t<div class=\"elementor-widget-container\">\n\t\t\t\t\t<div class=\"elementor-button-wrapper\">\n\t\t\t<a class=\"elementor-button elementor-button-link elementor-size-xs\" href=\"https:\/\/galeriereuter.com\/en\/exponate-monika-wex\/\">\n\t\t\t\t\t\t<span class=\"elementor-button-content-wrapper\">\n\t\t\t\t\t\t<span class=\"elementor-button-icon elementor-align-icon-right\">\n\t\t\t\t<i aria-hidden=\"true\" class=\"hm hm-angle-right\"><\/i>\t\t\t<\/span>\n\t\t\t\t\t\t<span class=\"elementor-button-text\">Buy art<\/span>\n\t\t<\/span>\n\t\t\t\t\t<\/a>\n\t\t<\/div>\n\t\t\t\t<\/div>\n\t\t\t\t<\/div>\n\t\t\t\t\t<\/div>\n\t\t<\/div>\n\t\t\t\t\t\t\t<\/div>\n\t\t<\/section>\n\t\t\t\t<section class=\"elementor-section elementor-top-section elementor-element elementor-element-961fd89 elementor-section-boxed elementor-section-height-default elementor-section-height-default\" data-id=\"961fd89\" data-element_type=\"section\" data-settings=\"{&quot;background_background&quot;:&quot;classic&quot;,&quot;_ha_eqh_enable&quot;:false}\">\n\t\t\t\t\t\t<div class=\"elementor-container elementor-column-gap-default\">\n\t\t\t\t\t<div class=\"elementor-column elementor-col-100 elementor-top-column elementor-element elementor-element-dccb6a6\" data-id=\"dccb6a6\" data-element_type=\"column\">\n\t\t\t<div class=\"elementor-widget-wrap elementor-element-populated\">\n\t\t\t\t\t\t\t\t<div class=\"elementor-element elementor-element-55d3e73 elementor-widget elementor-widget-heading\" data-id=\"55d3e73\" data-element_type=\"widget\" data-widget_type=\"heading.default\">\n\t\t\t\t<div class=\"elementor-widget-container\">\n\t\t\t<h2 class=\"elementor-heading-title elementor-size-default\">vita<\/h2>\t\t<\/div>\n\t\t\t\t<\/div>\n\t\t\t\t<section class=\"elementor-section elementor-inner-section elementor-element elementor-element-ac9b1fa elementor-section-boxed elementor-section-height-default elementor-section-height-default\" data-id=\"ac9b1fa\" data-element_type=\"section\" data-settings=\"{&quot;_ha_eqh_enable&quot;:false}\">\n\t\t\t\t\t\t<div class=\"elementor-container elementor-column-gap-default\">\n\t\t\t\t\t<div class=\"elementor-column elementor-col-50 elementor-inner-column elementor-element elementor-element-e28b092\" data-id=\"e28b092\" data-element_type=\"column\">\n\t\t\t<div class=\"elementor-widget-wrap elementor-element-populated\">\n\t\t\t\t\t\t\t\t<div class=\"elementor-element elementor-element-8fdda1e elementor-view-default elementor-widget elementor-widget-icon\" data-id=\"8fdda1e\" data-element_type=\"widget\" data-widget_type=\"icon.default\">\n\t\t\t\t<div class=\"elementor-widget-container\">\n\t\t\t\t\t<div class=\"elementor-icon-wrapper\">\n\t\t\t<a class=\"elementor-icon elementor-animation-shrink\" href=\"https:\/\/galeriereuter.com\/en\/exponate-monika-wex\/\" target=\"_blank\">\n\t\t\t<i aria-hidden=\"true\" class=\"far fa-star\"><\/i>\t\t\t<\/a>\n\t\t<\/div>\n\t\t\t\t<\/div>\n\t\t\t\t<\/div>\n\t\t\t\t\t<\/div>\n\t\t<\/div>\n\t\t\t\t<div class=\"elementor-column elementor-col-50 elementor-inner-column elementor-element elementor-element-230f96a\" data-id=\"230f96a\" data-element_type=\"column\">\n\t\t\t<div class=\"elementor-widget-wrap elementor-element-populated\">\n\t\t\t\t\t\t\t\t<div class=\"elementor-element elementor-element-ba5ed2b elementor-widget elementor-widget-text-editor\" data-id=\"ba5ed2b\" data-element_type=\"widget\" data-widget_type=\"text-editor.default\">\n\t\t\t\t<div class=\"elementor-widget-container\">\n\t\t\t\t\t\t\t<p id=\"u12265-2\">Monika Wex<\/p>\t\t\t\t\t\t<\/div>\n\t\t\t\t<\/div>\n\t\t\t\t\t<\/div>\n\t\t<\/div>\n\t\t\t\t\t\t\t<\/div>\n\t\t<\/section>\n\t\t\t\t\t<\/div>\n\t\t<\/div>\n\t\t\t\t\t\t\t<\/div>\n\t\t<\/section>\n\t\t\t\t<section class=\"elementor-section elementor-top-section elementor-element elementor-element-57e884f elementor-section-content-middle elementor-section-boxed elementor-section-height-default elementor-section-height-default\" data-id=\"57e884f\" data-element_type=\"section\" data-settings=\"{&quot;_ha_eqh_enable&quot;:false}\">\n\t\t\t\t\t\t<div class=\"elementor-container elementor-column-gap-no\">\n\t\t\t\t\t<div class=\"elementor-column elementor-col-100 elementor-top-column elementor-element elementor-element-3b5de13\" data-id=\"3b5de13\" data-element_type=\"column\">\n\t\t\t<div class=\"elementor-widget-wrap elementor-element-populated\">\n\t\t\t\t\t\t\t\t<section class=\"elementor-section elementor-inner-section elementor-element elementor-element-6190e86 elementor-section-content-top elementor-section-boxed elementor-section-height-default elementor-section-height-default\" data-id=\"6190e86\" data-element_type=\"section\" data-settings=\"{&quot;_ha_eqh_enable&quot;:false}\">\n\t\t\t\t\t\t<div class=\"elementor-container elementor-column-gap-no\">\n\t\t\t\t\t<div class=\"elementor-column elementor-col-50 elementor-inner-column elementor-element elementor-element-bae70e9\" data-id=\"bae70e9\" data-element_type=\"column\">\n\t\t\t<div class=\"elementor-widget-wrap elementor-element-populated\">\n\t\t\t\t\t\t\t\t<div class=\"elementor-element elementor-element-5bfe150 elementor-widget elementor-widget-text-editor\" data-id=\"5bfe150\" data-element_type=\"widget\" data-widget_type=\"text-editor.default\">\n\t\t\t\t<div class=\"elementor-widget-container\">\n\t\t\t\t\t\t\t<p style=\"font-weight: 300;\">1964 born in Lauingen at the Donau<br \/>1984 graduation from high school\u00a0<br \/>University art and pedagogy<br \/>Since 1988 member of the Professional Association of Visual Artists<br \/>1990 First state exam<br \/>1992 Second state exam<br \/>1991 - 1996 Teacher at the Adult Education Center Donauw\u00f6rth and Augsburg: Ceramics &amp; Drawing 1992 - 1996<br \/>Art teacher at the Holbein-Gymnasium in Augsburg<br \/>1995 - 1996 Professorship for animal drawing at the University of Augsburg<br \/>1995 - 2000 mainly residing in Burgundy, France<br \/>2001 1st art promotion award of the community Kissing<br \/>2002 - 2004 admission to the studio support program of the Bavarian Ministry of State<br \/>2003 Principal of the Montessori School Augsburg, founding member<br \/>2004 - 2012 exclusively working as a freelance artist<br \/>2006 - 2013 Professorship for ceramics at the University of Augsburg<br \/>Since 2007 teacher at the Freie Kunstakademie Augsburg<br \/>2009 teacher at the academy of art Bad Reichenhall<br \/>2009 1st art award of the district G\u00fcnzburg<br \/>2013 - 2017 art teacher at the Gymnasium K\u00f6nigsbrunn and in Wertingen<br \/>LTTA artist since 2017<br \/>2017 - 2019 art teacher at the Rudolf-Diesel-Gymnasium in Augsburg<br \/>2018 - 2020 training with Erika Sch\u00e4fer in Eisenbuch, systemic-karmic family constellations\u00a0<br \/>Since 2019 exclusively freelance<br \/>Realization of various art projects<\/p>\t\t\t\t\t\t<\/div>\n\t\t\t\t<\/div>\n\t\t\t\t\t<\/div>\n\t\t<\/div>\n\t\t\t\t<div class=\"elementor-column elementor-col-50 elementor-inner-column elementor-element elementor-element-755617b\" data-id=\"755617b\" data-element_type=\"column\">\n\t\t\t<div class=\"elementor-widget-wrap\">\n\t\t\t\t\t\t\t\t\t<\/div>\n\t\t<\/div>\n\t\t\t\t\t\t\t<\/div>\n\t\t<\/section>\n\t\t\t\t<section class=\"elementor-section elementor-inner-section elementor-element elementor-element-5b1b9ef elementor-section-boxed elementor-section-height-default elementor-section-height-default\" data-id=\"5b1b9ef\" data-element_type=\"section\" data-settings=\"{&quot;_ha_eqh_enable&quot;:false}\">\n\t\t\t\t\t\t<div class=\"elementor-container elementor-column-gap-default\">\n\t\t\t\t\t<div class=\"elementor-column elementor-col-100 elementor-inner-column elementor-element elementor-element-0a161bc\" data-id=\"0a161bc\" data-element_type=\"column\">\n\t\t\t<div class=\"elementor-widget-wrap elementor-element-populated\">\n\t\t\t\t\t\t\t\t<div class=\"elementor-element elementor-element-6094107 elementor-widget elementor-widget-heading\" data-id=\"6094107\" data-element_type=\"widget\" data-widget_type=\"heading.default\">\n\t\t\t\t<div class=\"elementor-widget-container\">\n\t\t\t<h4 class=\"elementor-heading-title elementor-size-default\">Solo exhibitions and exhibition participations<\/h4>\t\t<\/div>\n\t\t\t\t<\/div>\n\t\t\t\t\t<\/div>\n\t\t<\/div>\n\t\t\t\t\t\t\t<\/div>\n\t\t<\/section>\n\t\t\t\t<section class=\"elementor-section elementor-inner-section elementor-element elementor-element-b5a49ca elementor-section-content-top elementor-section-boxed elementor-section-height-default elementor-section-height-default\" data-id=\"b5a49ca\" data-element_type=\"section\" data-settings=\"{&quot;_ha_eqh_enable&quot;:false}\">\n\t\t\t\t\t\t<div class=\"elementor-container elementor-column-gap-no\">\n\t\t\t\t\t<div class=\"elementor-column elementor-col-50 elementor-inner-column elementor-element elementor-element-9deb2ed\" data-id=\"9deb2ed\" data-element_type=\"column\">\n\t\t\t<div class=\"elementor-widget-wrap elementor-element-populated\">\n\t\t\t\t\t\t\t\t<div class=\"elementor-element elementor-element-ca56e91 elementor-widget elementor-widget-heading\" data-id=\"ca56e91\" data-element_type=\"widget\" data-widget_type=\"heading.default\">\n\t\t\t\t<div class=\"elementor-widget-container\">\n\t\t\t<h4 class=\"elementor-heading-title elementor-size-default\">Solo exhibitions<\/h4>\t\t<\/div>\n\t\t\t\t<\/div>\n\t\t\t\t<div class=\"elementor-element elementor-element-54437e2 elementor-widget elementor-widget-text-editor\" data-id=\"54437e2\" data-element_type=\"widget\" data-widget_type=\"text-editor.default\">\n\t\t\t\t<div class=\"elementor-widget-container\">\n\t\t\t\t\t\t\t<p>1993 &#8211; BKK-Galerie, Augsburg<br \/>1999 &#8211; Kanzlei Tronsberg \u2013 Stemmer \u2013 Tronsberg, Augsburg<br \/>2000 &#8211; \u201eF\u00e4rbert\u00f6rle\u201c, Donauw\u00f6rth<br \/>2000 &#8211; \u201eAtelier\u201c, Saulieu, Frankreich<br \/>2000 &#8211; Galerie D. Raasch, Landsberg<br \/>2000 &#8211; Rathausfoyer Stadtbergen, Augsburg<br \/>2001 &#8211; \u201eGalerie im Schloss\u201c, Bobingen<br \/>2002 &#8211; \u201ekunst in der alten wiede-fabrik\u201c, M\u00fcnchen<br \/>2004 &#8211; Anwaltskanzlei Meidert &amp; Kollegen, Augsburg<br \/>2004 &#8211; Galerie D. Raasch, Landsberg<br \/>2005 &#8211; Sonderausstellung \u201eGro\u00dfe Schw\u00e4bische\u201c<br \/>2006 &#8211; Cafehausgalerie Madlon, Wertingen<br \/>2010 &#8211; Orthop\u00e4disch Chirurgische Gemeinschaft Augsburg<br \/>2010 &#8211; \u201eDonum vitae\u201c, Augsburg<br \/>2010 &#8211; \u201cLeben + Tod&#8220;, 12teiliger Bilderzyklus (Uni Eichst\u00e4tt)<br \/>2012 &#8211; Galerie Number One, Augsburg<br \/>2012 &#8211; \u201cProduktionsplan&#8220; im Moritzpunkt, Augsburg<br \/>2013 &#8211; \u201eSpirit&#8220; im Kaffeehaus Dichtl, Augsburg<br \/>2014 &#8211; \u201eFreiheit&#8220; im Annapunkt, Augsburg<br \/>2018 &#8211; Rauminstallation bei &#8222;Artbreit&#8220;, Marktbreit<br \/>2019 Pferseer Kunstmeile, Augsburg<br \/>2020 Landart-Projekt &#8222;Wertart&#8220;, Augsburg:\u00a0Wir sind die, auf die wir gewartet haben<br \/>Kunstaktion &#8222;Herz zeigen&#8220;<br \/>Stuhlprojekt &#8222;Unstuhl&#8220;, Augsburg<br \/>2021 LEA-Zeitschrift f\u00fcr und mit Frauen<\/p>\t\t\t\t\t\t<\/div>\n\t\t\t\t<\/div>\n\t\t\t\t\t<\/div>\n\t\t<\/div>\n\t\t\t\t<div class=\"elementor-column elementor-col-50 elementor-inner-column elementor-element elementor-element-ec84929\" data-id=\"ec84929\" data-element_type=\"column\">\n\t\t\t<div class=\"elementor-widget-wrap elementor-element-populated\">\n\t\t\t\t\t\t\t\t<div class=\"elementor-element elementor-element-e986380 elementor-widget elementor-widget-heading\" data-id=\"e986380\" data-element_type=\"widget\" data-widget_type=\"heading.default\">\n\t\t\t\t<div class=\"elementor-widget-container\">\n\t\t\t<h4 class=\"elementor-heading-title elementor-size-default\">exhibition participations (selection)<\/h4>\t\t<\/div>\n\t\t\t\t<\/div>\n\t\t\t\t<div class=\"elementor-element elementor-element-de5e426 elementor-widget elementor-widget-text-editor\" data-id=\"de5e426\" data-element_type=\"widget\" data-widget_type=\"text-editor.default\">\n\t\t\t\t<div class=\"elementor-widget-container\">\n\t\t\t\t\t\t\t<p>1988 &#8211; Wanderausstellung im Libanon<br \/>1988 &#8211; Universit\u00e4t, M\u00fcnchen<br \/>1989 &#8211; Pristhina, Kosovo, Jugoslawien<br \/>1989 &#8211; Kulturzentren in Nagahama und Nagasaki, Japan<br \/>1989 &#8211; Schloss Valmond, Frankreich<br \/>1990 &#8211; Kulturzentrum Hangzouh, China<br \/>1990 &#8211; Rathausfestsaal, Emden<br \/>1990 &#8211; \u201eKunst braucht Raum\u201c, Bremen<br \/>1991 &#8211; St\u00e4dt. Galerie Ljubljana, Deutsche Kulturwoche, Slow.<br \/>1991 &#8211; Kunsthaus Wiesbaden<br \/>1992 &#8211; Stadtturmgalerie, Innsbruck<br \/>1992 &#8211; Galerie Yanagizana, Tokio-Urawa, Japan<br \/>1993 &#8211; \u201eGro\u00dfe Schw\u00e4bische\u201c, Augsburg<br \/>1999 &#8211; \u201eHommage \u00e0 Pompon\u201c, Saulieu, Frankreich<br \/>2001 &#8211; Marie-Luise Flei\u00dfer-Ausstellung, Ingolstadt<br \/>2001 &#8211; St\u00e4dtische Ausstellung, Saulieu, Frankreich<br \/>2001 &#8211; \u201eGro\u00dfe Schw\u00e4bische\u201c, Augsburg<br \/>2002 &#8211; Otto-Galerie, M\u00fcnchen<br \/>2002 &#8211; Archiv-Galerie, Friedberg <br \/>2002 &#8211; \u201eGro\u00dfe Schw\u00e4bische\u201c, Augsburg<br \/>2003 &#8211; Rathaus, Gersthofen<br \/>2004 &#8211; Siemens Technopark, Augsburg<br \/>2005 &#8211; \u201eGro\u00dfe Schw\u00e4bische\u201c, Augsburg<br \/>2006 &#8211; \u201eGro\u00dfe Schw\u00e4bische\u201c, Augsburg<br \/>2006 &#8211; Galerie Ruetz, Augsburg<br \/>2006 &#8211; Stadtsparkasse, Friedberg<br \/>2007 &#8211; \u201eGro\u00dfe Schw\u00e4bische\u201c, Augsburg<br \/>2007 &#8211; Galerie Hans Malzer, Adelsried<br \/>2008 &#8211; \u201eGro\u00dfe Schw\u00e4bische\u201c, Augsburg<br \/>2009 &#8211; Kreiskrankenhaus G\u00fcnzburg<br \/>2009 &#8211; MAN, Augsburg<br \/>2016 &#8211; Ballonmuseum Gersthofen<br \/>2017 &#8211; \u201eGro\u00dfe Schw\u00e4bische&#8220;, Augsburg<br \/>2018 &#8211; \u201eArtik&#8220;, Kreiskrankenhaus G\u00fcnzburg<br \/>2018 &#8211; \u201cVegetativ&#8220;, Annapunkt Augsburg<\/p>\t\t\t\t\t\t<\/div>\n\t\t\t\t<\/div>\n\t\t\t\t\t<\/div>\n\t\t<\/div>\n\t\t\t\t\t\t\t<\/div>\n\t\t<\/section>\n\t\t\t\t<section class=\"elementor-section elementor-inner-section elementor-element elementor-element-931c096 elementor-section-boxed elementor-section-height-default elementor-section-height-default\" data-id=\"931c096\" data-element_type=\"section\" data-settings=\"{&quot;_ha_eqh_enable&quot;:false}\">\n\t\t\t\t\t\t<div class=\"elementor-container elementor-column-gap-default\">\n\t\t\t\t\t<div class=\"elementor-column elementor-col-100 elementor-inner-column elementor-element elementor-element-235bdc8\" data-id=\"235bdc8\" data-element_type=\"column\">\n\t\t\t<div class=\"elementor-widget-wrap elementor-element-populated\">\n\t\t\t\t\t\t\t\t<div class=\"elementor-element elementor-element-88a9a20 elementor-widget elementor-widget-text-editor\" data-id=\"88a9a20\" data-element_type=\"widget\" data-widget_type=\"text-editor.default\">\n\t\t\t\t<div class=\"elementor-widget-container\">\n\t\t\t\t\t\t\t<div>Regelm\u00e4\u00dfige Ausstellungsbeteiligungen im schw\u00e4bischen Raum:<\/div><div>Friedberg, Gersthofen, Senden, Marktoberdorf, Donauw\u00f6rth, Aichach<\/div>\t\t\t\t\t\t<\/div>\n\t\t\t\t<\/div>\n\t\t\t\t\t<\/div>\n\t\t<\/div>\n\t\t\t\t\t\t\t<\/div>\n\t\t<\/section>\n\t\t\t\t\t<\/div>\n\t\t<\/div>\n\t\t\t\t\t\t\t<\/div>\n\t\t<\/section>\n\t\t\t\t\t\t\t<\/div>","protected":false},"excerpt":{"rendered":"<p>Kunst kaufen vita Monika Wex 1964 Geboren in Lauingen a. d. Donau1984\u00a0Allg. Hochschulreife\u00a0Doppelstudium der Kunst und P\u00e4dagogik, Universit\u00e4t AugsburgSeit 1988\u00a0Mitglied im Berufsverband Bildender K\u00fcnstler1990\u00a0Erste Staatspr\u00fcfung1992\u00a0Zweite Staatspr\u00fcfung1991 \u2013 1996\u00a0Lehrauftrag a. d. Volkshochschule Donauw\u00f6rth und Augsburg: Keramik &amp; Zeichnung\u00a01992 \u2013 1996Kunsterzieherin am Holbein-Gymnasium in Augsburg1995 \u2013 1996\u00a0Lehrauftrag f\u00fcr Tierzeichnen an der Universit\u00e4t Augsburg1995 \u2013 2000\u00a0\u00dcberwiegend wohnhaft in [&hellip;]<\/p>","protected":false},"author":1,"featured_media":0,"parent":0,"menu_order":0,"comment_status":"closed","ping_status":"closed","template":"","meta":{"footnotes":""},"_links":{"self":[{"href":"https:\/\/galeriereuter.com\/en\/wp-json\/wp\/v2\/pages\/7410"}],"collection":[{"href":"https:\/\/galeriereuter.com\/en\/wp-json\/wp\/v2\/pages"}],"about":[{"href":"https:\/\/galeriereuter.com\/en\/wp-json\/wp\/v2\/types\/page"}],"author":[{"embeddable":true,"href":"https:\/\/galeriereuter.com\/en\/wp-json\/wp\/v2\/users\/1"}],"replies":[{"embeddable":true,"href":"https:\/\/galeriereuter.com\/en\/wp-json\/wp\/v2\/comments?post=7410"}],"version-history":[{"count":16,"href":"https:\/\/galeriereuter.com\/en\/wp-json\/wp\/v2\/pages\/7410\/revisions"}],"predecessor-version":[{"id":7581,"href":"https:\/\/galeriereuter.com\/en\/wp-json\/wp\/v2\/pages\/7410\/revisions\/7581"}],"wp:attachment":[{"href":"https:\/\/galeriereuter.com\/en\/wp-json\/wp\/v2\/media?parent=7410"}],"curies":[{"name":"wp","href":"https:\/\/api.w.org\/{rel}","templated":true}]}}